{"id":381,"date":"2025-01-18T14:38:39","date_gmt":"2025-01-18T13:38:39","guid":{"rendered":"http:\/\/localhost:10004\/?page_id=381"},"modified":"2025-05-07T12:10:18","modified_gmt":"2025-05-07T10:10:18","slug":"typ-wiw-2","status":"publish","type":"page","link":"https:\/\/wenaroll.de\/en\/","title":{"rendered":"Welcome"},"content":{"rendered":"<div data-elementor-type=\"wp-page\" data-elementor-id=\"381\" class=\"elementor elementor-381\" data-elementor-post-type=\"page\">\n\t\t\t\t\t\t<section class=\"elementor-section elementor-top-section elementor-element elementor-element-541db24d elementor-section-full_width elementor-section-height-default elementor-section-height-default wpr-particle-no wpr-jarallax-no wpr-parallax-no wpr-sticky-section-no wpr-equal-height-no\" data-id=\"541db24d\" data-element_type=\"section\" data-e-type=\"section\">\n\t\t\t\t\t\t<div class=\"elementor-container elementor-column-gap-no\">\n\t\t\t\t\t<div class=\"elementor-column elementor-col-100 elementor-top-column elementor-element elementor-element-7e654b13\" data-id=\"7e654b13\" data-element_type=\"column\" data-e-type=\"column\">\n\t\t\t<div class=\"elementor-widget-wrap elementor-element-populated\">\n\t\t\t\t\t\t<div class=\"elementor-element elementor-element-5b51932 elementor--h-position-right elementor--v-position-bottom elementor-arrows-position-inside elementor-pagination-position-inside elementor-widget elementor-widget-slides\" data-id=\"5b51932\" data-element_type=\"widget\" data-e-type=\"widget\" data-settings=\"{&quot;navigation&quot;:&quot;both&quot;,&quot;autoplay&quot;:&quot;yes&quot;,&quot;pause_on_hover&quot;:&quot;yes&quot;,&quot;pause_on_interaction&quot;:&quot;yes&quot;,&quot;autoplay_speed&quot;:5000,&quot;infinite&quot;:&quot;yes&quot;,&quot;transition&quot;:&quot;slide&quot;,&quot;transition_speed&quot;:500}\" data-widget_type=\"slides.default\">\n\t\t\t\t<div class=\"elementor-widget-container\">\n\t\t\t\t\t\t\t\t\t<div class=\"elementor-swiper\">\n\t\t\t\t\t<div class=\"elementor-slides-wrapper elementor-main-swiper swiper\" role=\"region\" aria-roledescription=\"carousel\" aria-label=\"Slider\" dir=\"ltr\" data-animation=\"fadeInUp\">\n\t\t\t\t<div class=\"swiper-wrapper elementor-slides\">\n\t\t\t\t\t\t\t\t\t\t<div class=\"elementor-repeater-item-04f1299 swiper-slide\" role=\"group\" aria-roledescription=\"slide\"><div class=\"swiper-slide-bg\" role=\"img\" aria-label=\"ERGW-14-Slider.jpg\"><\/div><div class=\"elementor-background-overlay\"><\/div><a class=\"swiper-slide-inner\" href=\"\/en\/typ-ergw\/\"><div class=\"swiper-slide-contents\"><div class=\"elementor-slide-heading\">Single-Roller Tools Type ERGW-14<\/div><div class=\"elementor-slide-description\">Machining of different diameters<\/div><\/div><\/a><\/div><div class=\"elementor-repeater-item-95ea308 swiper-slide\" role=\"group\" aria-roledescription=\"slide\"><div class=\"swiper-slide-bg\" role=\"img\" aria-label=\"WAW-slider-1.jpg\"><\/div><div class=\"elementor-background-overlay\"><\/div><a class=\"swiper-slide-inner\" href=\"\/en\/typ-waw\/\"><div class=\"swiper-slide-contents\"><div class=\"elementor-slide-heading\">WAW Burnishing Tools<\/div><div class=\"elementor-slide-description\">Shaft Machining<\/div><\/div><\/a><\/div><div class=\"elementor-repeater-item-d2b8a16 swiper-slide\" role=\"group\" aria-roledescription=\"slide\"><div class=\"swiper-slide-bg\" role=\"img\" aria-label=\"wenaroll-slider.png\"><\/div><div class=\"elementor-background-overlay\"><\/div><a class=\"swiper-slide-inner\" href=\"\/en\/typ-wiw\/\"><div class=\"swiper-slide-contents\"><div class=\"elementor-slide-heading\">Type WIW Burnishing Tools<\/div><div class=\"elementor-slide-description\">Internal Burnishing from \u00d86 to \u00d835<\/div><\/div><\/a><\/div><div class=\"elementor-repeater-item-f61816c swiper-slide\" role=\"group\" aria-roledescription=\"slide\"><div class=\"swiper-slide-bg\" role=\"img\" aria-label=\"WPB-Slider.jpg\"><\/div><div class=\"elementor-background-overlay\"><\/div><a class=\"swiper-slide-inner\" href=\"\/en\/typ-wps\/\"><div class=\"swiper-slide-contents\"><div class=\"elementor-slide-heading\">Combined drilling, peeling, and burnishing tools<\/div><div class=\"elementor-slide-description\">Cylinder tube machining in a single operation<\/div><\/div><\/a><\/div>\t\t\t\t<\/div>\n\t\t\t\t\t\t\t\t\t\t\t\t\t\t\t<div class=\"elementor-swiper-button elementor-swiper-button-prev\" role=\"button\" tabindex=\"0\" aria-label=\"Previous slide\">\n\t\t\t\t\t\t\t<svg aria-hidden=\"true\" class=\"e-font-icon-svg e-eicon-chevron-left\" viewbox=\"0 0 1000 1000\" xmlns=\"http:\/\/www.w3.org\/2000\/svg\"><path d=\"M646 125C629 125 613 133 604 142L308 442C296 454 292 471 292 487 292 504 296 521 308 533L604 854C617 867 629 875 646 875 663 875 679 871 692 858 704 846 713 829 713 812 713 796 708 779 692 767L438 487 692 225C700 217 708 204 708 187 708 171 704 154 692 142 675 129 663 125 646 125Z\"><\/path><\/svg>\t\t\t\t\t\t<\/div>\n\t\t\t\t\t\t<div class=\"elementor-swiper-button elementor-swiper-button-next\" role=\"button\" tabindex=\"0\" aria-label=\"Next slide\">\n\t\t\t\t\t\t\t<svg aria-hidden=\"true\" class=\"e-font-icon-svg e-eicon-chevron-right\" viewbox=\"0 0 1000 1000\" xmlns=\"http:\/\/www.w3.org\/2000\/svg\"><path d=\"M696 533C708 521 713 504 713 487 713 471 708 454 696 446L400 146C388 133 375 125 354 125 338 125 325 129 313 142 300 154 292 171 292 187 292 204 296 221 308 233L563 492 304 771C292 783 288 800 288 817 288 833 296 850 308 863 321 871 338 875 354 875 371 875 388 867 400 854L696 533Z\"><\/path><\/svg>\t\t\t\t\t\t<\/div>\n\t\t\t\t\t\t\t\t\t\t\t\t\t\t\t\t<div class=\"swiper-pagination\"><\/div>\n\t\t\t\t\t\t\t\t\t\t\t\t<\/div>\n\t\t\t\t<\/div>\n\t\t\t\t\t\t\t\t<\/div>\n\t\t\t\t<\/div>\n\t\t\t\t\t<\/div>\n\t\t<\/div>\n\t\t\t\t\t<\/div>\n\t\t<\/section>\n\t\t\t\t<section class=\"elementor-section elementor-top-section elementor-element elementor-element-5d587fd0 elementor-section-boxed elementor-section-height-default elementor-section-height-default wpr-particle-no wpr-jarallax-no wpr-parallax-no wpr-sticky-section-no wpr-equal-height-no\" data-id=\"5d587fd0\" data-element_type=\"section\" data-e-type=\"section\">\n\t\t\t\t\t\t<div class=\"elementor-container elementor-column-gap-default\">\n\t\t\t\t\t<div class=\"elementor-column elementor-col-100 elementor-top-column elementor-element elementor-element-75e3f92e\" data-id=\"75e3f92e\" data-element_type=\"column\" data-e-type=\"column\">\n\t\t\t<div class=\"elementor-widget-wrap elementor-element-populated\">\n\t\t\t\t\t\t<div class=\"elementor-element elementor-element-231e690c elementor-widget-divider--view-line_text elementor-widget-divider--element-align-left elementor-widget elementor-widget-divider\" data-id=\"231e690c\" data-element_type=\"widget\" data-e-type=\"widget\" data-widget_type=\"divider.default\">\n\t\t\t\t<div class=\"elementor-widget-container\">\n\t\t\t\t\t\t\t<div class=\"elementor-divider\">\n\t\t\t<span class=\"elementor-divider-separator\">\n\t\t\t\t\t\t\t<h1 class=\"elementor-divider__text elementor-divider__element\">\n\t\t\t\tWelcome to Wenaroll GmbH Tools and Systems\t\t\t\t<\/h1>\n\t\t\t\t\t\t<\/span>\n\t\t<\/div>\n\t\t\t\t\t\t<\/div>\n\t\t\t\t<\/div>\n\t\t\t\t<div class=\"elementor-element elementor-element-16e96ec elementor-widget__width-initial elementor-widget elementor-widget-text-editor\" data-id=\"16e96ec\" data-element_type=\"widget\" data-e-type=\"widget\" data-widget_type=\"text-editor.default\">\n\t\t\t\t<div class=\"elementor-widget-container\">\n\t\t\t\t\t\t\t\t\t<p>For more than four decades, we have been involved in the development, design, manufacturing, and distribution of tools and machinery in the field of roller burnishing technology. Our clientele includes both renowned corporations and medium-sized family-owned businesses.<\/p><p>The development and production of tools and machinery have a long-standing tradition and thus represent our technological core competency. As a result, we have created a product portfolio that gives our customers a technological edge. In most cases, cost-intensive processes such as grinding, reaming, lapping, honing, and polishing can be replaced by roller burnishing technology. The surface achieved through this process is distinguished by an especially high bearing ratio and significantly improved tribological properties. Building on this, and as an innovative, future-oriented partner, we also offer the realization of application-specific system solutions in cooperation with our customers.<\/p><p>For many years, our international market and customer base has included renowned companies from the following sectors: hydraulics, commercial vehicles, construction machinery, aerospace, automotive, industrial technology, and mechanical engineering.<\/p>\t\t\t\t\t\t\t\t<\/div>\n\t\t\t\t<\/div>\n\t\t\t\t\t<\/div>\n\t\t<\/div>\n\t\t\t\t\t<\/div>\n\t\t<\/section>\n\t\t\t\t<section class=\"elementor-section elementor-top-section elementor-element elementor-element-1d6d4582 elementor-section-boxed elementor-section-height-default elementor-section-height-default wpr-particle-no wpr-jarallax-no wpr-parallax-no wpr-sticky-section-no wpr-equal-height-no\" data-id=\"1d6d4582\" data-element_type=\"section\" data-e-type=\"section\">\n\t\t\t\t\t\t<div class=\"elementor-container elementor-column-gap-default\">\n\t\t\t\t\t<div class=\"elementor-column elementor-col-50 elementor-top-column elementor-element elementor-element-5871429d\" data-id=\"5871429d\" data-element_type=\"column\" data-e-type=\"column\">\n\t\t\t<div class=\"elementor-widget-wrap elementor-element-populated\">\n\t\t\t\t\t\t<div class=\"elementor-element elementor-element-eee7397 elementor-widget elementor-widget-heading\" data-id=\"eee7397\" data-element_type=\"widget\" data-e-type=\"widget\" data-widget_type=\"heading.default\">\n\t\t\t\t<div class=\"elementor-widget-container\">\n\t\t\t\t\t<h2 class=\"elementor-heading-title elementor-size-default\">Innovation<\/h2>\t\t\t\t<\/div>\n\t\t\t\t<\/div>\n\t\t\t\t<div class=\"elementor-element elementor-element-8a22d35 elementor-widget elementor-widget-text-editor\" data-id=\"8a22d35\" data-element_type=\"widget\" data-e-type=\"widget\" data-widget_type=\"text-editor.default\">\n\t\t\t\t<div class=\"elementor-widget-container\">\n\t\t\t\t\t\t\t\t\t<p>At Wenaroll, we view innovation as the core of our work. We believe that the path to success is paved by creative solutions, continuous improvements, and the pursuit of excellence. Our innovation philosophy runs through every part of our company, from product development to the customer experience.<\/p>\t\t\t\t\t\t\t\t<\/div>\n\t\t\t\t<\/div>\n\t\t\t\t<div class=\"elementor-element elementor-element-3d880d1 elementor-widget elementor-widget-heading\" data-id=\"3d880d1\" data-element_type=\"widget\" data-e-type=\"widget\" data-widget_type=\"heading.default\">\n\t\t\t\t<div class=\"elementor-widget-container\">\n\t\t\t\t\t<h2 class=\"elementor-heading-title elementor-size-default\">Experience<\/h2>\t\t\t\t<\/div>\n\t\t\t\t<\/div>\n\t\t\t\t<div class=\"elementor-element elementor-element-e103465 elementor-widget__width-initial elementor-widget elementor-widget-text-editor\" data-id=\"e103465\" data-element_type=\"widget\" data-e-type=\"widget\" data-widget_type=\"text-editor.default\">\n\t\t\t\t<div class=\"elementor-widget-container\">\n\t\t\t\t\t\t\t\t\t<p>Our team is composed of experienced professionals who bring their expertise with passion and commitment. The blend of many years of experience and fresh perspectives creates a dynamic environment where creativity and innovation can thrive. With more than 40 years of experience in roller burnishing technology, we are pioneers in our field. Our extensive industry expertise enables us not only to understand current trends but also to anticipate future developments. This knowledge flows into every decision and every product we develop.<\/p><p>\u00a0<\/p>\t\t\t\t\t\t\t\t<\/div>\n\t\t\t\t<\/div>\n\t\t\t\t<div class=\"elementor-element elementor-element-9d19f14 elementor-widget elementor-widget-heading\" data-id=\"9d19f14\" data-element_type=\"widget\" data-e-type=\"widget\" data-widget_type=\"heading.default\">\n\t\t\t\t<div class=\"elementor-widget-container\">\n\t\t\t\t\t<h2 class=\"elementor-heading-title elementor-size-default\">Quality<\/h2>\t\t\t\t<\/div>\n\t\t\t\t<\/div>\n\t\t\t\t<div class=\"elementor-element elementor-element-d8c4f54 elementor-widget elementor-widget-text-editor\" data-id=\"d8c4f54\" data-element_type=\"widget\" data-e-type=\"widget\" data-widget_type=\"text-editor.default\">\n\t\t\t\t<div class=\"elementor-widget-container\">\n\t\t\t\t\t\t\t\t\t<p>For us, quality means more than simply meeting standards. Quality is the commitment to excellence at every stage of our processes. It is the ability to exceed expectations and create long-term value for our customers. We view quality as a continuous pursuit of perfection that shines through in every detail of our products and services. Ongoing development and improvement apply not only to our innovative products but also to our quality management, which is certified according to DIN EN ISO 9001:2015.<\/p>\t\t\t\t\t\t\t\t<\/div>\n\t\t\t\t<\/div>\n\t\t\t\t\t<\/div>\n\t\t<\/div>\n\t\t\t\t<div class=\"elementor-column elementor-col-50 elementor-top-column elementor-element elementor-element-53eacc3b\" data-id=\"53eacc3b\" data-element_type=\"column\" data-e-type=\"column\">\n\t\t\t<div class=\"elementor-widget-wrap elementor-element-populated\">\n\t\t\t\t\t\t<div class=\"elementor-element elementor-element-3c6603aa elementor-widget elementor-widget-image\" data-id=\"3c6603aa\" data-element_type=\"widget\" data-e-type=\"widget\" data-widget_type=\"image.default\">\n\t\t\t\t<div class=\"elementor-widget-container\">\n\t\t\t\t\t\t\t\t\t\t\t\t\t\t\t<img fetchpriority=\"high\" decoding=\"async\" width=\"699\" height=\"707\" src=\"https:\/\/wenaroll.de\/wp-content\/uploads\/2025\/01\/699x707.jpg\" class=\"attachment-large size-large wp-image-39\" alt=\"\" srcset=\"https:\/\/wenaroll.de\/wp-content\/uploads\/2025\/01\/699x707.jpg 699w, https:\/\/wenaroll.de\/wp-content\/uploads\/2025\/01\/699x707-297x300.jpg 297w\" sizes=\"(max-width: 699px) 100vw, 699px\" \/>\t\t\t\t\t\t\t\t\t\t\t\t\t\t\t<\/div>\n\t\t\t\t<\/div>\n\t\t\t\t\t<\/div>\n\t\t<\/div>\n\t\t\t\t\t<\/div>\n\t\t<\/section>\n\t\t\t\t<\/div>","protected":false},"excerpt":{"rendered":"<p>Einrollenwerkzeuge Typ ERGW-14Bearbeitung unterschiedlicher DurchmesserWAW GlattwerkzeugeBearbeitung von WellenTyp WIW GlattwerkzeugeInnenglattwalzen von \u00d86 &#8211; \u00d8350Kombinierte Aufbohr-, Sch\u00e4l und GlattwalzwerkzeugeZylinderrohrbearbeitung in einem Arbeitsgang Willkommen bei Wenaroll GmbH Tools and Systems Seit mehr als vier Jahrzehnten besch\u00e4ftigen wir uns mit der Entwicklung, Konstruktion, Fertigung und dem Vertrieb von Werkzeugen und Maschinen im Bereich der Glattwalztechnologie. Zu unserem Kundenstamm geh\u00f6ren sowohl namhafte Konzerne als auch mittelst\u00e4ndische Familienbetriebe an. Die Entwicklung und Herstellung von Werkzeugen und Maschinen hat eine langj\u00e4hrige Tradition und ist somit unsere technologische Kernkompetenz. Daraus resultierend ist ein Produktportfolio entstanden, das unseren Kunden einen technologischen Vorsprung verschafft.\u00a0Kostenintensive Verfahren wie Schleifen, Reiben, L\u00e4ppen, Honen und Polieren lassen sich in den meisten F\u00e4llen durch die Glattwalztechnologie ersetzten. Die dabei erreichte Oberfl\u00e4che zeichnet sich durch einen besonders hohen Traganteil und deutlich verbesserte tribologische Eigenschaften aus.\u00a0Darauf aufbauend bieten wir als innovativer und zukunftsorientierter Partner auch die Realisierung anwendungsspezifischer Systeml\u00f6sungen in Zusammenarbeit mit unseren Kunden an. Zum langj\u00e4hrigen internationalen Markt- und Kundenstamm z\u00e4hlen renommierte Unternehmen aus den Bereichen: Hydraulikindustrie, Nutzfahrzeuge, Baumaschinen, Luft- und Raumfahrttechnik, Automobilbranche, Industrietechnik und Maschinenbau. Innovation Bei Wenaroll betrachten wir Innovation als Herzst\u00fcck unserer T\u00e4tigkeit. Wir glauben, dass der Weg zum Erfolg durch kreative L\u00f6sungen, kontinuierliche Verbesserungen und das Streben nach Spitzenleistungen geebnet wird. Unsere Innovationsphilosophie durchzieht alle Bereiche unseres Unternehmens, von der Produktentwicklung bis zur Kundenerfahrung. Erfahrung Unser Team besteht aus erfahrenen Fachleuten, die ihr Fachwissen mit Leidenschaft und Engagement einbringen. Die Mischung aus langj\u00e4hriger Erfahrung und frischen Perspektiven schafft ein dynamisches Umfeld, in dem Kreativit\u00e4t und Innovation gedeihen. Mit mehr als 40 Jahren Erfahrung in der Glattwalztechnologie sind wir Pioniere in unserem Feld. Unsere langj\u00e4hrige Branchenexpertise erm\u00f6glicht es uns, nicht nur die aktuellen Trends zu verstehen, sondern auch die Entwicklungen vorherzusehen. Dieses Wissen flie\u00dft in jede Entscheidung und jedes Produkt ein, das wir entwickeln. \u00a0 Qualit\u00e4t F\u00fcr uns bedeutet Qualit\u00e4t mehr als nur die Erf\u00fcllung von Standards. Qualit\u00e4t ist die Hingabe zu Exzellenz in jedem Schritt unserer Prozesse. Es ist die F\u00e4higkeit, die Erwartungen zu \u00fcbertreffen und langfristige Werte f\u00fcr unsere Kunden zu schaffen. Wir betrachten Qualit\u00e4t als ein kontinuierliches Streben nach Perfektion, das in jedem Detail unserer Produkte und Dienstleistungen sichtbar wird. Die stetige Weiterentwicklung und Verbesserung betrifft nicht nur unsere innovativen Produkte, sondern auch das Qualit\u00e4tsmanagement, das nach der DIN EN ISO 9001:2015 zertifiziert ist.<\/p>","protected":false},"author":1,"featured_media":0,"parent":0,"menu_order":0,"comment_status":"closed","ping_status":"closed","template":"","meta":{"footnotes":""},"class_list":["post-381","page","type-page","status-publish","hentry"],"_links":{"self":[{"href":"https:\/\/wenaroll.de\/en\/wp-json\/wp\/v2\/pages\/381","targetHints":{"allow":["GET"]}}],"collection":[{"href":"https:\/\/wenaroll.de\/en\/wp-json\/wp\/v2\/pages"}],"about":[{"href":"https:\/\/wenaroll.de\/en\/wp-json\/wp\/v2\/types\/page"}],"author":[{"embeddable":true,"href":"https:\/\/wenaroll.de\/en\/wp-json\/wp\/v2\/users\/1"}],"replies":[{"embeddable":true,"href":"https:\/\/wenaroll.de\/en\/wp-json\/wp\/v2\/comments?post=381"}],"version-history":[{"count":0,"href":"https:\/\/wenaroll.de\/en\/wp-json\/wp\/v2\/pages\/381\/revisions"}],"wp:attachment":[{"href":"https:\/\/wenaroll.de\/en\/wp-json\/wp\/v2\/media?parent=381"}],"curies":[{"name":"wp","href":"https:\/\/api.w.org\/{rel}","templated":true}]}}