{"id":416,"date":"2025-01-18T15:51:32","date_gmt":"2025-01-18T14:51:32","guid":{"rendered":"http:\/\/localhost:10004\/?page_id=416"},"modified":"2025-04-13T15:56:37","modified_gmt":"2025-04-13T13:56:37","slug":"diamant-glaettwerkzeuge","status":"publish","type":"page","link":"https:\/\/wenaroll.de\/en\/diamant-glaettwerkzeuge\/","title":{"rendered":"Diamond Burnishing Tools"},"content":{"rendered":"\t\t<div data-elementor-type=\"wp-page\" data-elementor-id=\"416\" class=\"elementor elementor-416\" data-elementor-post-type=\"page\">\n\t\t\t\t\t\t<section class=\"elementor-section elementor-top-section elementor-element elementor-element-62104b14 elementor-section-boxed elementor-section-height-default elementor-section-height-default wpr-particle-no wpr-jarallax-no wpr-parallax-no wpr-sticky-section-no wpr-equal-height-no\" data-id=\"62104b14\" data-element_type=\"section\" data-e-type=\"section\">\n\t\t\t\t\t\t<div class=\"elementor-container elementor-column-gap-default\">\n\t\t\t\t\t<div class=\"elementor-column elementor-col-100 elementor-top-column elementor-element elementor-element-4bf0cd98\" data-id=\"4bf0cd98\" data-element_type=\"column\" data-e-type=\"column\">\n\t\t\t<div class=\"elementor-widget-wrap elementor-element-populated\">\n\t\t\t\t\t\t<div class=\"elementor-element elementor-element-ca63ca8 elementor-widget-divider--view-line_text elementor-widget-divider--element-align-left elementor-hidden-mobile elementor-widget elementor-widget-divider\" data-id=\"ca63ca8\" data-element_type=\"widget\" data-e-type=\"widget\" data-widget_type=\"divider.default\">\n\t\t\t\t<div class=\"elementor-widget-container\">\n\t\t\t\t\t\t\t<div class=\"elementor-divider\">\n\t\t\t<span class=\"elementor-divider-separator\">\n\t\t\t\t\t\t\t<h1 class=\"elementor-divider__text elementor-divider__element\">\n\t\t\t\tDiamant Gl\u00e4ttwerkzeuge\t\t\t\t<\/h1>\n\t\t\t\t\t\t<\/span>\n\t\t<\/div>\n\t\t\t\t\t\t<\/div>\n\t\t\t\t<\/div>\n\t\t\t\t<div class=\"elementor-element elementor-element-70709651 elementor-widget elementor-widget-text-editor\" data-id=\"70709651\" data-element_type=\"widget\" data-e-type=\"widget\" data-widget_type=\"text-editor.default\">\n\t\t\t\t<div class=\"elementor-widget-container\">\n\t\t\t\t\t\t\t\t\t<p>Das Diamantgl\u00e4ttwerkzeug repr\u00e4sentiert einen Meilenstein in der Oberfl\u00e4chenbearbeitungstechnologie und ist besonders bekannt f\u00fcr seine F\u00e4higkeit, auch h\u00e4rtere Werkst\u00fccke (bis 65 HRC) auf mikroskopischer Ebene zu veredeln. Das Diamantgl\u00e4ttwerkzeug nutzt die H\u00e4rte von Diamanten, um Werkst\u00fccke mit h\u00f6chster Pr\u00e4zision zu bearbeiten. Durch die Verwendung von Diamanten kann das Diamantgl\u00e4ttwerkzeug Oberfl\u00e4chen mit \u00e4u\u00dferst geringer Rautiefe und Mikrorauheit erzeugen. Dies ist besonders wichtig in Branchen wie der Luft- und Raumfahrt, der Medizintechnik und der Pr\u00e4zisionsfertigung, in denen minimale Unebenheiten von entscheidender Bedeutung sind. Die H\u00e4rte von Diamanten gew\u00e4hrleistet nicht nur eine herausragende Oberfl\u00e4chenqualit\u00e4t, sondern auch eine verbesserte Haltbarkeit und Standzeit des Werkzeugs. Dies f\u00fchrt zu einer kosteneffizienten L\u00f6sung, da die Wechselintervalle verl\u00e4ngert werden und die Produktivit\u00e4t gesteigert wird. Das Diamantgl\u00e4ttwerkzeug steht f\u00fcr eine innovative L\u00f6sung in der Fertigungstechnologie, die h\u00f6chste Anspr\u00fcche an Pr\u00e4zision, Haltbarkeit und Oberfl\u00e4chenqualit\u00e4t erf\u00fcllt. In Branchen, in denen Perfektion ein Muss ist, setzt das Diamantgl\u00e4ttwerkzeug Ma\u00dfst\u00e4be f\u00fcr exzellente Oberfl\u00e4chenveredelung.<\/p><p>F\u00fcr die verschiedenen Anwendungsbereiche bieten wir verschiedene Werkzeugtypen an. Der Typ WDB steht dabei f\u00fcr starre Werkzeuge, bei denen der Kopf nicht drehbar ist. Hier k\u00f6nnen Sie zwischen einer Spannleiste und einer HSK-Aufnahme w\u00e4hlen. Sonderaufnahmen sind ebenfalls m\u00f6glich.\u00a0Der Typ WDBW steht f\u00fcr einen verstellbaren Kopf. Damit vergr\u00f6\u00dfert sich der Anwendungsbereich. Hier k\u00f6nnen Sie zwischen einer Spannleiste und einer zylindrischen Aufnahmen w\u00e4hlen. Sonderaufnahmen sind ebenfalls m\u00f6glich.<\/p><p>Klicken Sie auf die unten abgebildeten Diamant Gl\u00e4ttwerkzeuge, um weitere Informationen zu erhalten.<\/p>\t\t\t\t\t\t\t\t<\/div>\n\t\t\t\t<\/div>\n\t\t\t\t\t<\/div>\n\t\t<\/div>\n\t\t\t\t\t<\/div>\n\t\t<\/section>\n\t\t<div class=\"elementor-element elementor-element-3c28fa1 e-flex e-con-boxed wpr-particle-no wpr-jarallax-no wpr-parallax-no wpr-sticky-section-no wpr-equal-height-no e-con e-parent\" data-id=\"3c28fa1\" data-element_type=\"container\" data-e-type=\"container\">\n\t\t\t\t\t<div class=\"e-con-inner\">\n\t\t\t\t<div class=\"elementor-element elementor-element-8359288 elementor-widget elementor-widget-premium-img-gallery\" data-id=\"8359288\" data-element_type=\"widget\" data-e-type=\"widget\" data-settings=\"{&quot;premium_gallery_img_content&quot;:[{&quot;premium_gallery_img_name&quot;:&quot;Diamant Gl\\u00e4ttwerkzeug Typ WDBW-512&quot;,&quot;_id&quot;:&quot;74a3e80&quot;,&quot;premium_gallery_img&quot;:{&quot;url&quot;:&quot;https:\\\/\\\/wenaroll.de\\\/wp-content\\\/uploads\\\/2025\\\/01\\\/WDBW-512-2-2.jpg&quot;,&quot;id&quot;:303,&quot;size&quot;:&quot;&quot;,&quot;alt&quot;:&quot;&quot;,&quot;source&quot;:&quot;library&quot;},&quot;premium_gallery_img_link&quot;:{&quot;url&quot;:&quot;https:\\\/\\\/wenaroll.de\\\/typ-wdbw\\\/&quot;,&quot;is_external&quot;:&quot;&quot;,&quot;nofollow&quot;:&quot;&quot;,&quot;custom_attributes&quot;:&quot;&quot;},&quot;premium_gallery_link_whole&quot;:&quot;yes&quot;,&quot;premium_gallery_lightbox_whole&quot;:&quot;yes&quot;,&quot;premium_gallery_image_cell&quot;:{&quot;unit&quot;:&quot;px&quot;,&quot;size&quot;:4,&quot;sizes&quot;:[]},&quot;premium_gallery_image_cell_tablet&quot;:{&quot;unit&quot;:&quot;px&quot;,&quot;size&quot;:&quot;&quot;,&quot;sizes&quot;:[]},&quot;premium_gallery_image_cell_mobile&quot;:{&quot;unit&quot;:&quot;px&quot;,&quot;size&quot;:&quot;&quot;,&quot;sizes&quot;:[]},&quot;premium_gallery_image_vcell&quot;:{&quot;unit&quot;:&quot;px&quot;,&quot;size&quot;:4,&quot;sizes&quot;:[]},&quot;premium_gallery_image_vcell_tablet&quot;:{&quot;unit&quot;:&quot;px&quot;,&quot;size&quot;:&quot;&quot;,&quot;sizes&quot;:[]},&quot;premium_gallery_image_vcell_mobile&quot;:{&quot;unit&quot;:&quot;px&quot;,&quot;size&quot;:&quot;&quot;,&quot;sizes&quot;:[]},&quot;premium_gallery_video&quot;:&quot;&quot;,&quot;premium_gallery_video_type&quot;:null,&quot;premium_gallery_video_url&quot;:null,&quot;premium_gallery_video_self&quot;:null,&quot;premium_gallery_video_self_url&quot;:null,&quot;premium_gallery_video_controls&quot;:null,&quot;premium_gallery_video_mute&quot;:null,&quot;premium_gallery_video_loop&quot;:null,&quot;download_button&quot;:null,&quot;privacy_mode&quot;:null,&quot;premmium_gallery_img_info&quot;:&quot;&quot;,&quot;premium_gallery_img_desc&quot;:&quot;&quot;,&quot;premium_gallery_img_category&quot;:&quot;&quot;,&quot;premium_gallery_img_link_type&quot;:&quot;url&quot;,&quot;premium_gallery_img_existing&quot;:null},{&quot;premium_gallery_img_name&quot;:&quot;Diamant Gl\\u00e4ttwerkzeug Typ WDB-513&quot;,&quot;_id&quot;:&quot;aea88f0&quot;,&quot;premium_gallery_img&quot;:{&quot;url&quot;:&quot;https:\\\/\\\/wenaroll.de\\\/wp-content\\\/uploads\\\/2025\\\/01\\\/513alleine-2-e1513942403610-1.jpg&quot;,&quot;id&quot;:186,&quot;size&quot;:&quot;&quot;,&quot;alt&quot;:&quot;&quot;,&quot;source&quot;:&quot;library&quot;},&quot;premium_gallery_img_link&quot;:{&quot;url&quot;:&quot;https:\\\/\\\/wenaroll.de\\\/typ-wdb-513\\\/&quot;,&quot;is_external&quot;:&quot;&quot;,&quot;nofollow&quot;:&quot;&quot;,&quot;custom_attributes&quot;:&quot;&quot;},&quot;premium_gallery_link_whole&quot;:&quot;yes&quot;,&quot;premium_gallery_lightbox_whole&quot;:&quot;yes&quot;,&quot;premium_gallery_image_cell&quot;:{&quot;unit&quot;:&quot;px&quot;,&quot;size&quot;:4,&quot;sizes&quot;:[]},&quot;premium_gallery_image_cell_tablet&quot;:{&quot;unit&quot;:&quot;px&quot;,&quot;size&quot;:&quot;&quot;,&quot;sizes&quot;:[]},&quot;premium_gallery_image_cell_mobile&quot;:{&quot;unit&quot;:&quot;px&quot;,&quot;size&quot;:&quot;&quot;,&quot;sizes&quot;:[]},&quot;premium_gallery_image_vcell&quot;:{&quot;unit&quot;:&quot;px&quot;,&quot;size&quot;:4,&quot;sizes&quot;:[]},&quot;premium_gallery_image_vcell_tablet&quot;:{&quot;unit&quot;:&quot;px&quot;,&quot;size&quot;:&quot;&quot;,&quot;sizes&quot;:[]},&quot;premium_gallery_image_vcell_mobile&quot;:{&quot;unit&quot;:&quot;px&quot;,&quot;size&quot;:&quot;&quot;,&quot;sizes&quot;:[]},&quot;premium_gallery_video&quot;:&quot;&quot;,&quot;premium_gallery_video_type&quot;:null,&quot;premium_gallery_video_url&quot;:null,&quot;premium_gallery_video_self&quot;:null,&quot;premium_gallery_video_self_url&quot;:null,&quot;premium_gallery_video_controls&quot;:null,&quot;premium_gallery_video_mute&quot;:null,&quot;premium_gallery_video_loop&quot;:null,&quot;download_button&quot;:null,&quot;privacy_mode&quot;:null,&quot;premmium_gallery_img_info&quot;:&quot;&quot;,&quot;premium_gallery_img_desc&quot;:&quot;&quot;,&quot;premium_gallery_img_category&quot;:&quot;&quot;,&quot;premium_gallery_img_link_type&quot;:&quot;url&quot;,&quot;premium_gallery_img_existing&quot;:null},{&quot;_id&quot;:&quot;d6e3a3d&quot;,&quot;premium_gallery_img&quot;:{&quot;url&quot;:&quot;https:\\\/\\\/wenaroll.de\\\/wp-content\\\/uploads\\\/2025\\\/01\\\/WDBW-514-1-e1513942295200-2.jpg&quot;,&quot;id&quot;:305,&quot;size&quot;:&quot;&quot;,&quot;alt&quot;:&quot;&quot;,&quot;source&quot;:&quot;library&quot;},&quot;premium_gallery_img_name&quot;:&quot;Diamant Gl\\u00e4ttwerkzeug Typ WDB-514&quot;,&quot;premium_gallery_img_link&quot;:{&quot;url&quot;:&quot;https:\\\/\\\/wenaroll.de\\\/typ-wdb-514\\\/&quot;,&quot;is_external&quot;:&quot;&quot;,&quot;nofollow&quot;:&quot;&quot;,&quot;custom_attributes&quot;:&quot;&quot;},&quot;premium_gallery_img_category&quot;:&quot;Au\\u00dfenfl\\u00e4che,Einrollig&quot;,&quot;premium_gallery_link_whole&quot;:&quot;yes&quot;,&quot;premium_gallery_lightbox_whole&quot;:&quot;yes&quot;,&quot;premium_gallery_image_cell&quot;:{&quot;unit&quot;:&quot;px&quot;,&quot;size&quot;:4,&quot;sizes&quot;:[]},&quot;premium_gallery_image_cell_tablet&quot;:{&quot;unit&quot;:&quot;px&quot;,&quot;size&quot;:&quot;&quot;,&quot;sizes&quot;:[]},&quot;premium_gallery_image_cell_mobile&quot;:{&quot;unit&quot;:&quot;px&quot;,&quot;size&quot;:&quot;&quot;,&quot;sizes&quot;:[]},&quot;premium_gallery_image_vcell&quot;:{&quot;unit&quot;:&quot;px&quot;,&quot;size&quot;:4,&quot;sizes&quot;:[]},&quot;premium_gallery_image_vcell_tablet&quot;:{&quot;unit&quot;:&quot;px&quot;,&quot;size&quot;:&quot;&quot;,&quot;sizes&quot;:[]},&quot;premium_gallery_image_vcell_mobile&quot;:{&quot;unit&quot;:&quot;px&quot;,&quot;size&quot;:&quot;&quot;,&quot;sizes&quot;:[]},&quot;premium_gallery_video&quot;:&quot;&quot;,&quot;premium_gallery_video_type&quot;:null,&quot;premium_gallery_video_url&quot;:null,&quot;premium_gallery_video_self&quot;:null,&quot;premium_gallery_video_self_url&quot;:null,&quot;premium_gallery_video_controls&quot;:null,&quot;premium_gallery_video_mute&quot;:null,&quot;premium_gallery_video_loop&quot;:null,&quot;download_button&quot;:null,&quot;privacy_mode&quot;:null,&quot;premmium_gallery_img_info&quot;:&quot;&quot;,&quot;premium_gallery_img_desc&quot;:&quot;&quot;,&quot;premium_gallery_img_link_type&quot;:&quot;url&quot;,&quot;premium_gallery_img_existing&quot;:null}]}\" data-widget_type=\"premium-img-gallery.default\">\n\t\t\t\t<div class=\"elementor-widget-container\">\n\t\t\t\t\t\n\t<div class=\"premium-img-gallery-no-lightbox elementor-invisible premium-img-gallery premium-img-gallery-fitRows zoomin premium-gallery-icon-show\" id=\"premium-img-gallery-8359288\">\n\t\t\n\t\t<div class=\"premium-gallery-container\" data-settings=\"{&quot;img_size&quot;:&quot;fitRows&quot;,&quot;filter&quot;:&quot;&quot;,&quot;theme&quot;:null,&quot;active_cat&quot;:&quot;*&quot;,&quot;ltr_mode&quot;:true,&quot;shuffle&quot;:false,&quot;sort_by&quot;:&quot;original-order&quot;,&quot;skin&quot;:&quot;style3&quot;}\">\n\n\t\t\t\t\t\t\t<div class=\"premium-gallery-item elementor-repeater-item-74a3e80 \">\n\t\t\t\t<div class=\"pa-gallery-img style3\" onclick=\"\">\n\t\t\t\t\t<div class=\"pa-gallery-img-container\">\n\t\t\t\t\t\t\t\t<img fetchpriority=\"high\" decoding=\"async\" width=\"1920\" height=\"1080\" src=\"https:\/\/wenaroll.de\/wp-content\/uploads\/2025\/01\/WDBW-512-2-2.jpg\" class=\"attachment-full size-full wp-image-303\" alt=\"\" srcset=\"https:\/\/wenaroll.de\/wp-content\/uploads\/2025\/01\/WDBW-512-2-2.jpg 1920w, https:\/\/wenaroll.de\/wp-content\/uploads\/2025\/01\/WDBW-512-2-2-300x169.jpg 300w, https:\/\/wenaroll.de\/wp-content\/uploads\/2025\/01\/WDBW-512-2-2-1024x576.jpg 1024w, https:\/\/wenaroll.de\/wp-content\/uploads\/2025\/01\/WDBW-512-2-2-768x432.jpg 768w, https:\/\/wenaroll.de\/wp-content\/uploads\/2025\/01\/WDBW-512-2-2-1536x864.jpg 1536w\" sizes=\"(max-width: 1920px) 100vw, 1920px\" \/>\t\t\t\t\t\t\t\t\t<div class=\"pa-gallery-icons-wrapper\">\n\t\t\t\t\t\t\t\t<div class=\"pa-gallery-icons-inner-container\">\n\t\t\t\t\t\t\t\t\t\t\t\t\t\t\t\t\t<\/div>\n\t\t\t\t\t\t\t<\/div>\n\t\t\t\t\t\t\t\t\t\t\t<\/div>\n\t\t\t\t\t\t\t\t<div class=\"premium-gallery-caption\">\n\n\t\t\t\t\t\t\t\t\t<span class=\"premium-gallery-img-name\">Diamant Gl\u00e4ttwerkzeug Typ WDBW-512<\/span>\n\t\t\t\t\t\n\t\t\t<\/div>\n\t\t\t\t\t\t\t\t\t\t<a class=\"pa-gallery-whole-link\" href=\"https:\/\/wenaroll.de\/typ-wdbw\/\">\n\t\t\t\t\t\t\t\t<span>\n\t\t\t\t\t\t\t\t\tDiamant Gl\u00e4ttwerkzeug Typ WDBW-512\t\t\t\t\t\t\t\t<\/span>\n\t\t\t\t\t\t\t<\/a>\n\t\t\t\t\t\t\t\t\t\t\t<\/div>\n\t\t\t<\/div>\n\t\t\t\t\t\t\t<div class=\"premium-gallery-item elementor-repeater-item-aea88f0 \">\n\t\t\t\t<div class=\"pa-gallery-img style3\" onclick=\"\">\n\t\t\t\t\t<div class=\"pa-gallery-img-container\">\n\t\t\t\t\t\t\t\t<img decoding=\"async\" width=\"1280\" height=\"720\" src=\"https:\/\/wenaroll.de\/wp-content\/uploads\/2025\/01\/513alleine-2-e1513942403610-1.jpg\" class=\"attachment-full size-full wp-image-186\" alt=\"\" srcset=\"https:\/\/wenaroll.de\/wp-content\/uploads\/2025\/01\/513alleine-2-e1513942403610-1.jpg 1280w, https:\/\/wenaroll.de\/wp-content\/uploads\/2025\/01\/513alleine-2-e1513942403610-1-300x169.jpg 300w, https:\/\/wenaroll.de\/wp-content\/uploads\/2025\/01\/513alleine-2-e1513942403610-1-1024x576.jpg 1024w, https:\/\/wenaroll.de\/wp-content\/uploads\/2025\/01\/513alleine-2-e1513942403610-1-768x432.jpg 768w\" sizes=\"(max-width: 1280px) 100vw, 1280px\" \/>\t\t\t\t\t\t\t\t\t<div class=\"pa-gallery-icons-wrapper\">\n\t\t\t\t\t\t\t\t<div class=\"pa-gallery-icons-inner-container\">\n\t\t\t\t\t\t\t\t\t\t\t\t\t\t\t\t\t<\/div>\n\t\t\t\t\t\t\t<\/div>\n\t\t\t\t\t\t\t\t\t\t\t<\/div>\n\t\t\t\t\t\t\t\t<div class=\"premium-gallery-caption\">\n\n\t\t\t\t\t\t\t\t\t<span class=\"premium-gallery-img-name\">Diamant Gl\u00e4ttwerkzeug Typ WDB-513<\/span>\n\t\t\t\t\t\n\t\t\t<\/div>\n\t\t\t\t\t\t\t\t\t\t<a class=\"pa-gallery-whole-link\" href=\"https:\/\/wenaroll.de\/typ-wdb-513\/\">\n\t\t\t\t\t\t\t\t<span>\n\t\t\t\t\t\t\t\t\tDiamant Gl\u00e4ttwerkzeug Typ WDB-513\t\t\t\t\t\t\t\t<\/span>\n\t\t\t\t\t\t\t<\/a>\n\t\t\t\t\t\t\t\t\t\t\t<\/div>\n\t\t\t<\/div>\n\t\t\t\t\t\t\t<div class=\"premium-gallery-item elementor-repeater-item-d6e3a3d au\u00dfenfl\u00e4che einrollig\">\n\t\t\t\t<div class=\"pa-gallery-img style3\" onclick=\"\">\n\t\t\t\t\t<div class=\"pa-gallery-img-container\">\n\t\t\t\t\t\t\t\t<img decoding=\"async\" width=\"1280\" height=\"720\" src=\"https:\/\/wenaroll.de\/wp-content\/uploads\/2025\/01\/WDBW-514-1-e1513942295200-2.jpg\" class=\"attachment-full size-full wp-image-305\" alt=\"\" srcset=\"https:\/\/wenaroll.de\/wp-content\/uploads\/2025\/01\/WDBW-514-1-e1513942295200-2.jpg 1280w, https:\/\/wenaroll.de\/wp-content\/uploads\/2025\/01\/WDBW-514-1-e1513942295200-2-300x169.jpg 300w, https:\/\/wenaroll.de\/wp-content\/uploads\/2025\/01\/WDBW-514-1-e1513942295200-2-1024x576.jpg 1024w, https:\/\/wenaroll.de\/wp-content\/uploads\/2025\/01\/WDBW-514-1-e1513942295200-2-768x432.jpg 768w\" sizes=\"(max-width: 1280px) 100vw, 1280px\" \/>\t\t\t\t\t\t\t\t\t<div class=\"pa-gallery-icons-wrapper\">\n\t\t\t\t\t\t\t\t<div class=\"pa-gallery-icons-inner-container\">\n\t\t\t\t\t\t\t\t\t\t\t\t\t\t\t\t\t<\/div>\n\t\t\t\t\t\t\t<\/div>\n\t\t\t\t\t\t\t\t\t\t\t<\/div>\n\t\t\t\t\t\t\t\t<div class=\"premium-gallery-caption\">\n\n\t\t\t\t\t\t\t\t\t<span class=\"premium-gallery-img-name\">Diamant Gl\u00e4ttwerkzeug Typ WDB-514<\/span>\n\t\t\t\t\t\n\t\t\t<\/div>\n\t\t\t\t\t\t\t\t\t\t<a class=\"pa-gallery-whole-link\" href=\"https:\/\/wenaroll.de\/typ-wdb-514\/\">\n\t\t\t\t\t\t\t\t<span>\n\t\t\t\t\t\t\t\t\tDiamant Gl\u00e4ttwerkzeug Typ WDB-514\t\t\t\t\t\t\t\t<\/span>\n\t\t\t\t\t\t\t<\/a>\n\t\t\t\t\t\t\t\t\t\t\t<\/div>\n\t\t\t<\/div>\n\t\t\t\n\t\t\t\t\t<\/div>\n\n\t\t\n\t<\/div>\n\n\t\t\n\t\t\n\t\t\t\t\t\t<\/div>\n\t\t\t\t<\/div>\n\t\t\t\t\t<\/div>\n\t\t\t\t<\/div>\n\t\t\t\t<\/div>\n\t\t","protected":false},"excerpt":{"rendered":"<p>Diamant Gl\u00e4ttwerkzeuge Das Diamantgl\u00e4ttwerkzeug repr\u00e4sentiert einen Meilenstein in der Oberfl\u00e4chenbearbeitungstechnologie und ist besonders bekannt f\u00fcr seine F\u00e4higkeit, auch h\u00e4rtere Werkst\u00fccke (bis 65 HRC) auf mikroskopischer Ebene zu veredeln. Das Diamantgl\u00e4ttwerkzeug nutzt die H\u00e4rte von Diamanten, um Werkst\u00fccke mit h\u00f6chster Pr\u00e4zision zu bearbeiten. Durch die Verwendung von Diamanten kann das Diamantgl\u00e4ttwerkzeug Oberfl\u00e4chen mit \u00e4u\u00dferst geringer Rautiefe und Mikrorauheit erzeugen. Dies ist besonders wichtig in Branchen wie der Luft- und Raumfahrt, der Medizintechnik und der Pr\u00e4zisionsfertigung, in denen minimale Unebenheiten von entscheidender Bedeutung sind. Die H\u00e4rte von Diamanten gew\u00e4hrleistet nicht nur eine herausragende Oberfl\u00e4chenqualit\u00e4t, sondern auch eine verbesserte Haltbarkeit und Standzeit des Werkzeugs. Dies f\u00fchrt zu einer kosteneffizienten L\u00f6sung, da die Wechselintervalle verl\u00e4ngert werden und die Produktivit\u00e4t gesteigert wird. Das Diamantgl\u00e4ttwerkzeug steht f\u00fcr eine innovative L\u00f6sung in der Fertigungstechnologie, die h\u00f6chste Anspr\u00fcche an Pr\u00e4zision, Haltbarkeit und Oberfl\u00e4chenqualit\u00e4t erf\u00fcllt. In Branchen, in denen Perfektion ein Muss ist, setzt das Diamantgl\u00e4ttwerkzeug Ma\u00dfst\u00e4be f\u00fcr exzellente Oberfl\u00e4chenveredelung. F\u00fcr die verschiedenen Anwendungsbereiche bieten wir verschiedene Werkzeugtypen an. Der Typ WDB steht dabei f\u00fcr starre Werkzeuge, bei denen der Kopf nicht drehbar ist. Hier k\u00f6nnen Sie zwischen einer Spannleiste und einer HSK-Aufnahme w\u00e4hlen. Sonderaufnahmen sind ebenfalls m\u00f6glich.\u00a0Der Typ WDBW steht f\u00fcr einen verstellbaren Kopf. Damit vergr\u00f6\u00dfert sich der Anwendungsbereich. Hier k\u00f6nnen Sie zwischen einer Spannleiste und einer zylindrischen Aufnahmen w\u00e4hlen. Sonderaufnahmen sind ebenfalls m\u00f6glich. Klicken Sie auf die unten abgebildeten Diamant Gl\u00e4ttwerkzeuge, um weitere Informationen zu erhalten. Diamant Gl\u00e4ttwerkzeug Typ WDBW-512 Diamant Gl\u00e4ttwerkzeug Typ WDBW-512 Diamant Gl\u00e4ttwerkzeug Typ WDB-513 Diamant Gl\u00e4ttwerkzeug Typ WDB-513 Diamant Gl\u00e4ttwerkzeug Typ WDB-514 Diamant Gl\u00e4ttwerkzeug Typ WDB-514<\/p>","protected":false},"author":1,"featured_media":0,"parent":0,"menu_order":0,"comment_status":"closed","ping_status":"closed","template":"","meta":{"footnotes":""},"class_list":["post-416","page","type-page","status-publish","hentry"],"_links":{"self":[{"href":"https:\/\/wenaroll.de\/en\/wp-json\/wp\/v2\/pages\/416","targetHints":{"allow":["GET"]}}],"collection":[{"href":"https:\/\/wenaroll.de\/en\/wp-json\/wp\/v2\/pages"}],"about":[{"href":"https:\/\/wenaroll.de\/en\/wp-json\/wp\/v2\/types\/page"}],"author":[{"embeddable":true,"href":"https:\/\/wenaroll.de\/en\/wp-json\/wp\/v2\/users\/1"}],"replies":[{"embeddable":true,"href":"https:\/\/wenaroll.de\/en\/wp-json\/wp\/v2\/comments?post=416"}],"version-history":[{"count":1,"href":"https:\/\/wenaroll.de\/en\/wp-json\/wp\/v2\/pages\/416\/revisions"}],"predecessor-version":[{"id":2400,"href":"https:\/\/wenaroll.de\/en\/wp-json\/wp\/v2\/pages\/416\/revisions\/2400"}],"wp:attachment":[{"href":"https:\/\/wenaroll.de\/en\/wp-json\/wp\/v2\/media?parent=416"}],"curies":[{"name":"wp","href":"https:\/\/api.w.org\/{rel}","templated":true}]}}