{"id":428,"date":"2025-01-18T15:54:22","date_gmt":"2025-01-18T14:54:22","guid":{"rendered":"http:\/\/localhost:10004\/?page_id=428"},"modified":"2025-05-19T14:23:05","modified_gmt":"2025-05-19T12:23:05","slug":"katalog","status":"publish","type":"page","link":"https:\/\/wenaroll.de\/en\/katalog\/","title":{"rendered":"Catalog"},"content":{"rendered":"<div data-elementor-type=\"wp-page\" data-elementor-id=\"428\" class=\"elementor elementor-428\" data-elementor-post-type=\"page\">\n\t\t\t\t\t\t<section class=\"elementor-section elementor-top-section elementor-element elementor-element-689f716f elementor-section-boxed elementor-section-height-default elementor-section-height-default wpr-particle-no wpr-jarallax-no wpr-parallax-no wpr-sticky-section-no\" data-id=\"689f716f\" data-element_type=\"section\" data-e-type=\"section\">\n\t\t\t\t\t\t<div class=\"elementor-container elementor-column-gap-default\">\n\t\t\t\t\t<div class=\"elementor-column elementor-col-100 elementor-top-column elementor-element elementor-element-74cde145\" data-id=\"74cde145\" data-element_type=\"column\" data-e-type=\"column\">\n\t\t\t<div class=\"elementor-widget-wrap elementor-element-populated\">\n\t\t\t\t\t\t<div class=\"elementor-element elementor-element-975f1a5 elementor-widget-divider--view-line_text elementor-widget-divider--element-align-left elementor-hidden-mobile elementor-widget elementor-widget-divider\" data-id=\"975f1a5\" data-element_type=\"widget\" data-e-type=\"widget\" data-widget_type=\"divider.default\">\n\t\t\t\t<div class=\"elementor-widget-container\">\n\t\t\t\t\t\t\t<div class=\"elementor-divider\">\n\t\t\t<span class=\"elementor-divider-separator\">\n\t\t\t\t\t\t\t<h1 class=\"elementor-divider__text elementor-divider__element\">\n\t\t\t\tWenaroll catalog\t\t\t\t<\/h1>\n\t\t\t\t\t\t<\/span>\n\t\t<\/div>\n\t\t\t\t\t\t<\/div>\n\t\t\t\t<\/div>\n\t\t\t\t\t<\/div>\n\t\t<\/div>\n\t\t\t\t\t<\/div>\n\t\t<\/section>\n\t\t\t\t<section class=\"elementor-section elementor-top-section elementor-element elementor-element-620a1816 elementor-section-boxed elementor-section-height-default elementor-section-height-default wpr-particle-no wpr-jarallax-no wpr-parallax-no wpr-sticky-section-no\" data-id=\"620a1816\" data-element_type=\"section\" data-e-type=\"section\">\n\t\t\t\t\t\t<div class=\"elementor-container elementor-column-gap-default\">\n\t\t\t\t\t<div class=\"elementor-column elementor-col-50 elementor-top-column elementor-element elementor-element-42a7696\" data-id=\"42a7696\" data-element_type=\"column\" data-e-type=\"column\">\n\t\t\t<div class=\"elementor-widget-wrap elementor-element-populated\">\n\t\t\t\t\t\t<div class=\"elementor-element elementor-element-28221ce8 elementor-widget elementor-widget-image\" data-id=\"28221ce8\" data-element_type=\"widget\" data-e-type=\"widget\" data-widget_type=\"image.default\">\n\t\t\t\t<div class=\"elementor-widget-container\">\n\t\t\t\t\t\t\t\t\t\t\t\t\t\t\t\t<a href=\"https:\/\/wenaroll.de\/wp-content\/uploads\/2025\/05\/WENAROLL_Katalog_Deutsch_Neu.pdf\" target=\"_blank\">\n\t\t\t\t\t\t\t<img fetchpriority=\"high\" decoding=\"async\" width=\"720\" height=\"1024\" src=\"https:\/\/wenaroll.de\/wp-content\/uploads\/2025\/01\/WENAROLL_Katalog_Final_2-720x1024.png\" class=\"elementor-animation-grow attachment-large size-large wp-image-63\" alt=\"\" srcset=\"https:\/\/wenaroll.de\/wp-content\/uploads\/2025\/01\/WENAROLL_Katalog_Final_2-720x1024.png 720w, https:\/\/wenaroll.de\/wp-content\/uploads\/2025\/01\/WENAROLL_Katalog_Final_2-211x300.png 211w, https:\/\/wenaroll.de\/wp-content\/uploads\/2025\/01\/WENAROLL_Katalog_Final_2-768x1092.png 768w, https:\/\/wenaroll.de\/wp-content\/uploads\/2025\/01\/WENAROLL_Katalog_Final_2-1080x1536.png 1080w, https:\/\/wenaroll.de\/wp-content\/uploads\/2025\/01\/WENAROLL_Katalog_Final_2-1440x2048.png 1440w\" sizes=\"(max-width: 720px) 100vw, 720px\" \/>\t\t\t\t\t\t\t\t<\/a>\n\t\t\t\t\t\t\t\t\t\t\t\t\t\t\t<\/div>\n\t\t\t\t<\/div>\n\t\t\t\t<div class=\"elementor-element elementor-element-51c7e63e elementor-widget-divider--view-line_text elementor-widget-divider--element-align-left elementor-hidden-mobile elementor-widget elementor-widget-divider\" data-id=\"51c7e63e\" data-element_type=\"widget\" data-e-type=\"widget\" data-widget_type=\"divider.default\">\n\t\t\t\t<div class=\"elementor-widget-container\">\n\t\t\t\t\t\t\t<div class=\"elementor-divider\">\n\t\t\t<span class=\"elementor-divider-separator\">\n\t\t\t\t\t\t\t<span class=\"elementor-divider__text elementor-divider__element\">\n\t\t\t\tWenaroll Catalog (german)\t\t\t\t<\/span>\n\t\t\t\t\t\t<\/span>\n\t\t<\/div>\n\t\t\t\t\t\t<\/div>\n\t\t\t\t<\/div>\n\t\t\t\t<div class=\"elementor-element elementor-element-6897ac6a elementor-widget-divider--view-line_text elementor-hidden-desktop elementor-hidden-tablet elementor-widget-divider--element-align-center elementor-widget elementor-widget-divider\" data-id=\"6897ac6a\" data-element_type=\"widget\" data-e-type=\"widget\" data-widget_type=\"divider.default\">\n\t\t\t\t<div class=\"elementor-widget-container\">\n\t\t\t\t\t\t\t<div class=\"elementor-divider\">\n\t\t\t<span class=\"elementor-divider-separator\">\n\t\t\t\t\t\t\t<span class=\"elementor-divider__text elementor-divider__element\">\n\t\t\t\tWenaroll Catalog (german)\t\t\t\t<\/span>\n\t\t\t\t\t\t<\/span>\n\t\t<\/div>\n\t\t\t\t\t\t<\/div>\n\t\t\t\t<\/div>\n\t\t\t\t<div class=\"elementor-element elementor-element-446b16ae elementor-mobile-align-center elementor-widget elementor-widget-button\" data-id=\"446b16ae\" data-element_type=\"widget\" data-e-type=\"widget\" data-widget_type=\"button.default\">\n\t\t\t\t<div class=\"elementor-widget-container\">\n\t\t\t\t\t\t\t\t\t<div class=\"elementor-button-wrapper\">\n\t\t\t\t\t<a class=\"elementor-button elementor-button-link elementor-size-sm elementor-animation-grow\" href=\"https:\/\/wenaroll.de\/wp-content\/uploads\/2025\/05\/WENAROLL_Katalog_Deutsch_Neu.pdf\" target=\"_blank\">\n\t\t\t\t\t\t<span class=\"elementor-button-content-wrapper\">\n\t\t\t\t\t\t\t\t\t<span class=\"elementor-button-text\">&gt; Prospekt als PDF &lt;<\/span>\n\t\t\t\t\t<\/span>\n\t\t\t\t\t<\/a>\n\t\t\t\t<\/div>\n\t\t\t\t\t\t\t\t<\/div>\n\t\t\t\t<\/div>\n\t\t\t\t<div class=\"elementor-element elementor-element-487879a8 elementor-widget elementor-widget-text-editor\" data-id=\"487879a8\" data-element_type=\"widget\" data-e-type=\"widget\" data-widget_type=\"text-editor.default\">\n\t\t\t\t<div class=\"elementor-widget-container\">\n\t\t\t\t\t\t\t\t\t<p>&#8222;In der modernen Fertigung wird ein immer gr\u00f6\u00dferes Augenmerk auf eine technisch einwandfreie Oberfl\u00e4che gelegt. Die st\u00e4ndig wachsenden Anforderungen an immer geringere Oberfl\u00e4chenrauigkeiten und einen h\u00f6heren Materialanteil der Fl\u00e4chen stellt die Werkzeugentwicklung vor immer neue Aufgaben. Zudem soll der einzusetzende Prozess m\u00f6glichst kosteng\u00fcnstig und schnell sein.&#8220;<\/p><p>\u00a0 <strong>&#8211;<\/strong><strong style=\"color: var( --e-global-color-secondary ); font-family: var( --e-global-typography-text-font-family ), Sans-serif; font-size: var( --e-global-typography-text-font-size );\">\u00a0Excerpt from our catalog.<\/strong><\/p>\t\t\t\t\t\t\t\t<\/div>\n\t\t\t\t<\/div>\n\t\t\t\t\t<\/div>\n\t\t<\/div>\n\t\t\t\t<div class=\"elementor-column elementor-col-50 elementor-top-column elementor-element elementor-element-1b4fed35\" data-id=\"1b4fed35\" data-element_type=\"column\" data-e-type=\"column\">\n\t\t\t<div class=\"elementor-widget-wrap elementor-element-populated\">\n\t\t\t\t\t\t<div class=\"elementor-element elementor-element-4ba4ee3c elementor-widget elementor-widget-image\" data-id=\"4ba4ee3c\" data-element_type=\"widget\" data-e-type=\"widget\" data-widget_type=\"image.default\">\n\t\t\t\t<div class=\"elementor-widget-container\">\n\t\t\t\t\t\t\t\t\t\t\t\t\t\t\t\t<a href=\"https:\/\/wenaroll.de\/wp-content\/uploads\/2025\/05\/WENAROLL_Katalog_Englisch_Neu-1.pdf\" target=\"_blank\">\n\t\t\t\t\t\t\t<img decoding=\"async\" width=\"730\" height=\"1024\" src=\"https:\/\/wenaroll.de\/wp-content\/uploads\/2025\/01\/WENAROLL_Katalog_Englisch_Final_Seite_01-730x1024.png\" class=\"elementor-animation-grow attachment-large size-large wp-image-64\" alt=\"\" srcset=\"https:\/\/wenaroll.de\/wp-content\/uploads\/2025\/01\/WENAROLL_Katalog_Englisch_Final_Seite_01-730x1024.png 730w, https:\/\/wenaroll.de\/wp-content\/uploads\/2025\/01\/WENAROLL_Katalog_Englisch_Final_Seite_01-214x300.png 214w, https:\/\/wenaroll.de\/wp-content\/uploads\/2025\/01\/WENAROLL_Katalog_Englisch_Final_Seite_01-768x1077.png 768w, https:\/\/wenaroll.de\/wp-content\/uploads\/2025\/01\/WENAROLL_Katalog_Englisch_Final_Seite_01-1095x1536.png 1095w, https:\/\/wenaroll.de\/wp-content\/uploads\/2025\/01\/WENAROLL_Katalog_Englisch_Final_Seite_01-1460x2048.png 1460w\" sizes=\"(max-width: 730px) 100vw, 730px\" \/>\t\t\t\t\t\t\t\t<\/a>\n\t\t\t\t\t\t\t\t\t\t\t\t\t\t\t<\/div>\n\t\t\t\t<\/div>\n\t\t\t\t<div class=\"elementor-element elementor-element-3f214916 elementor-widget-divider--view-line_text elementor-widget-divider--element-align-left elementor-hidden-mobile elementor-widget elementor-widget-divider\" data-id=\"3f214916\" data-element_type=\"widget\" data-e-type=\"widget\" data-widget_type=\"divider.default\">\n\t\t\t\t<div class=\"elementor-widget-container\">\n\t\t\t\t\t\t\t<div class=\"elementor-divider\">\n\t\t\t<span class=\"elementor-divider-separator\">\n\t\t\t\t\t\t\t<span class=\"elementor-divider__text elementor-divider__element\">\n\t\t\t\tWenaroll Catalog (english)\t\t\t\t<\/span>\n\t\t\t\t\t\t<\/span>\n\t\t<\/div>\n\t\t\t\t\t\t<\/div>\n\t\t\t\t<\/div>\n\t\t\t\t<div class=\"elementor-element elementor-element-5bd29de3 elementor-widget-divider--view-line_text elementor-hidden-desktop elementor-hidden-tablet elementor-widget-divider--element-align-center elementor-widget elementor-widget-divider\" data-id=\"5bd29de3\" data-element_type=\"widget\" data-e-type=\"widget\" data-widget_type=\"divider.default\">\n\t\t\t\t<div class=\"elementor-widget-container\">\n\t\t\t\t\t\t\t<div class=\"elementor-divider\">\n\t\t\t<span class=\"elementor-divider-separator\">\n\t\t\t\t\t\t\t<span class=\"elementor-divider__text elementor-divider__element\">\n\t\t\t\tWenaroll Catalog (english)\t\t\t\t<\/span>\n\t\t\t\t\t\t<\/span>\n\t\t<\/div>\n\t\t\t\t\t\t<\/div>\n\t\t\t\t<\/div>\n\t\t\t\t<div class=\"elementor-element elementor-element-4ecb3058 elementor-mobile-align-center elementor-widget elementor-widget-button\" data-id=\"4ecb3058\" data-element_type=\"widget\" data-e-type=\"widget\" data-widget_type=\"button.default\">\n\t\t\t\t<div class=\"elementor-widget-container\">\n\t\t\t\t\t\t\t\t\t<div class=\"elementor-button-wrapper\">\n\t\t\t\t\t<a class=\"elementor-button elementor-button-link elementor-size-sm elementor-animation-grow\" href=\"https:\/\/wenaroll.de\/wp-content\/uploads\/2025\/05\/WENAROLL_Katalog_Englisch_Neu-1.pdf\" target=\"_blank\">\n\t\t\t\t\t\t<span class=\"elementor-button-content-wrapper\">\n\t\t\t\t\t\t\t\t\t<span class=\"elementor-button-text\">&gt; Catalogue as PDF &lt;<\/span>\n\t\t\t\t\t<\/span>\n\t\t\t\t\t<\/a>\n\t\t\t\t<\/div>\n\t\t\t\t\t\t\t\t<\/div>\n\t\t\t\t<\/div>\n\t\t\t\t<div class=\"elementor-element elementor-element-2f86ca70 elementor-widget elementor-widget-text-editor\" data-id=\"2f86ca70\" data-element_type=\"widget\" data-e-type=\"widget\" data-widget_type=\"text-editor.default\">\n\t\t\t\t<div class=\"elementor-widget-container\">\n\t\t\t\t\t\t\t\t\t<p>&#8222;The modern production has a constantly increasing demand for an accurate workpiece surface. The steadily rising requirements for a better surface roughness as well as a high material fraction make high demands on the tool development. Furthermore, the process needs to be as cost efficient and as quick as possible. Roller burnishing can achieve results that has been only possible previously with slow and polluting processes like honing. In addition to that, roller burnishing presents even more advantages that are not obvious at first glance.&#8220;&nbsp;<\/p><p><strong>Excerpt from our catalog.<\/strong><\/p>\t\t\t\t\t\t\t\t<\/div>\n\t\t\t\t<\/div>\n\t\t\t\t\t<\/div>\n\t\t<\/div>\n\t\t\t\t\t<\/div>\n\t\t<\/section>\n\t\t\t\t<\/div>","protected":false},"excerpt":{"rendered":"<p>Wenaroll Katalog Wenaroll-Katalog (deutsch) Wenaroll-Katalog (deutsch) > Prospekt als PDF < &#8222;In der modernen Fertigung wird ein immer gr\u00f6\u00dferes Augenmerk auf eine technisch einwandfreie Oberfl\u00e4che gelegt. Die st\u00e4ndig wachsenden Anforderungen an immer geringere Oberfl\u00e4chenrauigkeiten und einen h\u00f6heren Materialanteil der Fl\u00e4chen stellt die Werkzeugentwicklung vor immer neue Aufgaben. Zudem soll der einzusetzende Prozess m\u00f6glichst kosteng\u00fcnstig und schnell sein.&#8220; \u00a0 &#8211;\u00a0Ausschnitt aus unserem Prospekt. Wenaroll-catalogue (englisch) Wenaroll-catalogue (englisch) > Catalogue as PDF < &#8222;The modern production has a constantly increasing demand for an accurate workpiece surface. The steadily rising requirements for a better surface roughness as well as a high material fraction make high demands on the tool development. Furthermore, the process needs to be as cost efficient and as quick as possible. Roller burnishing can achieve results that has been only possible previously with slow and polluting processes like honing. In addition to that, roller burnishing presents even more advantages that are not obvious at first glance.&#8220;&nbsp; &#8211; excerpt from our catalogue.\n<\/p>","protected":false},"author":1,"featured_media":0,"parent":0,"menu_order":0,"comment_status":"closed","ping_status":"closed","template":"","meta":{"footnotes":""},"class_list":["post-428","page","type-page","status-publish","hentry"],"_links":{"self":[{"href":"https:\/\/wenaroll.de\/en\/wp-json\/wp\/v2\/pages\/428","targetHints":{"allow":["GET"]}}],"collection":[{"href":"https:\/\/wenaroll.de\/en\/wp-json\/wp\/v2\/pages"}],"about":[{"href":"https:\/\/wenaroll.de\/en\/wp-json\/wp\/v2\/types\/page"}],"author":[{"embeddable":true,"href":"https:\/\/wenaroll.de\/en\/wp-json\/wp\/v2\/users\/1"}],"replies":[{"embeddable":true,"href":"https:\/\/wenaroll.de\/en\/wp-json\/wp\/v2\/comments?post=428"}],"version-history":[{"count":0,"href":"https:\/\/wenaroll.de\/en\/wp-json\/wp\/v2\/pages\/428\/revisions"}],"wp:attachment":[{"href":"https:\/\/wenaroll.de\/en\/wp-json\/wp\/v2\/media?parent=428"}],"curies":[{"name":"wp","href":"https:\/\/api.w.org\/{rel}","templated":true}]}}