{"id":435,"date":"2025-01-18T15:55:32","date_gmt":"2025-01-18T14:55:32","guid":{"rendered":"http:\/\/localhost:10004\/?page_id=435"},"modified":"2025-08-15T13:20:57","modified_gmt":"2025-08-15T11:20:57","slug":"service","status":"publish","type":"page","link":"https:\/\/wenaroll.de\/en\/service\/","title":{"rendered":"Service"},"content":{"rendered":"<div data-elementor-type=\"wp-page\" data-elementor-id=\"435\" class=\"elementor elementor-435\" data-elementor-post-type=\"page\">\n\t\t\t\t\t\t<section class=\"elementor-section elementor-top-section elementor-element elementor-element-1e221228 elementor-section-boxed elementor-section-height-default elementor-section-height-default wpr-particle-no wpr-jarallax-no wpr-parallax-no wpr-sticky-section-no\" data-id=\"1e221228\" data-element_type=\"section\" data-e-type=\"section\">\n\t\t\t\t\t\t<div class=\"elementor-container elementor-column-gap-default\">\n\t\t\t\t\t<div class=\"elementor-column elementor-col-100 elementor-top-column elementor-element elementor-element-15db8a5b\" data-id=\"15db8a5b\" data-element_type=\"column\" data-e-type=\"column\">\n\t\t\t<div class=\"elementor-widget-wrap elementor-element-populated\">\n\t\t\t\t\t\t<div class=\"elementor-element elementor-element-c212d40 elementor-widget-divider--view-line_text elementor-widget-divider--element-align-left elementor-widget elementor-widget-divider\" data-id=\"c212d40\" data-element_type=\"widget\" data-e-type=\"widget\" data-widget_type=\"divider.default\">\n\t\t\t\t<div class=\"elementor-widget-container\">\n\t\t\t\t\t\t\t<div class=\"elementor-divider\">\n\t\t\t<span class=\"elementor-divider-separator\">\n\t\t\t\t\t\t\t<h1 class=\"elementor-divider__text elementor-divider__element\">\n\t\t\t\tService und Support - unser Kundenservice f\u00fcr Ihre Zufriedenheit\t\t\t\t<\/h1>\n\t\t\t\t\t\t<\/span>\n\t\t<\/div>\n\t\t\t\t\t\t<\/div>\n\t\t\t\t<\/div>\n\t\t\t\t\t<\/div>\n\t\t<\/div>\n\t\t\t\t\t<\/div>\n\t\t<\/section>\n\t\t\t\t<section class=\"elementor-section elementor-top-section elementor-element elementor-element-432619f3 elementor-section-boxed elementor-section-height-default elementor-section-height-default wpr-particle-no wpr-jarallax-no wpr-parallax-no wpr-sticky-section-no\" data-id=\"432619f3\" data-element_type=\"section\" data-e-type=\"section\">\n\t\t\t\t\t\t<div class=\"elementor-container elementor-column-gap-default\">\n\t\t\t\t\t<div class=\"elementor-column elementor-col-50 elementor-top-column elementor-element elementor-element-5fd1789e\" data-id=\"5fd1789e\" data-element_type=\"column\" data-e-type=\"column\">\n\t\t\t<div class=\"elementor-widget-wrap elementor-element-populated\">\n\t\t\t\t\t\t<div class=\"elementor-element elementor-element-c07c698 elementor-widget elementor-widget-heading\" data-id=\"c07c698\" data-element_type=\"widget\" data-e-type=\"widget\" data-widget_type=\"heading.default\">\n\t\t\t\t<div class=\"elementor-widget-container\">\n\t\t\t\t\t<h4 class=\"elementor-heading-title elementor-size-default\">Unser Prozess: Gemeinsam zur perfekten L\u00f6sung<\/h4>\t\t\t\t<\/div>\n\t\t\t\t<\/div>\n\t\t\t\t<div class=\"elementor-element elementor-element-52250774 elementor-widget elementor-widget-text-editor\" data-id=\"52250774\" data-element_type=\"widget\" data-e-type=\"widget\" data-widget_type=\"text-editor.default\">\n\t\t\t\t<div class=\"elementor-widget-container\">\n\t\t\t\t\t\t\t\t\t<p>Exzellenter Service beginnt mit genauem Zuh\u00f6ren. Bevor wir eine L\u00f6sung entwickeln, steht der intensive Austausch mit Ihnen im Mittelpunkt. Unser Ziel ist es, Ihre Anforderungen bis ins kleinste Detail zu verstehen, um Ihnen schnell und pr\u00e4zise die bestm\u00f6gliche L\u00f6sung anbieten zu k\u00f6nnen.<\/p>\t\t\t\t\t\t\t\t<\/div>\n\t\t\t\t<\/div>\n\t\t\t\t<div class=\"elementor-element elementor-element-943c655 elementor-widget elementor-widget-heading\" data-id=\"943c655\" data-element_type=\"widget\" data-e-type=\"widget\" data-widget_type=\"heading.default\">\n\t\t\t\t<div class=\"elementor-widget-container\">\n\t\t\t\t\t<h4 class=\"elementor-heading-title elementor-size-default\">Ihr Beitrag zum Erfolg: Die richtigen Informationen<\/h4>\t\t\t\t<\/div>\n\t\t\t\t<\/div>\n\t\t\t\t<div class=\"elementor-element elementor-element-31205be elementor-widget elementor-widget-text-editor\" data-id=\"31205be\" data-element_type=\"widget\" data-e-type=\"widget\" data-widget_type=\"text-editor.default\">\n\t\t\t\t<div class=\"elementor-widget-container\">\n\t\t\t\t\t\t\t\t\t<p>Je detaillierter Ihre Angaben, desto effizienter k\u00f6nnen wir f\u00fcr Sie arbeiten. F\u00fcr eine schnelle und passgenaue Konfiguration Ihres Werkzeugs sind folgende Informationen ideal:<\/p>\n<ul>\n<li>\n<p><b>Technische Zeichnung:<\/b> Stellen Sie uns im optimalen Fall eine technische Zeichnung Ihres Werkst\u00fccks zur Verf\u00fcgung.<\/p>\n<\/li>\n<li>\n<p><b>Materialdetails:<\/b> Informieren Sie uns \u00fcber das zu bearbeitende Material und dessen spezifische H\u00e4rte.<\/p>\n<\/li>\n<\/ul>\n<p>Basierend auf diesen Daten und der gew\u00fcnschten Oberfl\u00e4cheng\u00fcte konfigurieren wir den perfekten Werkzeugk\u00f6rper und Werkzeugschaft f\u00fcr Ihre Anwendung.<\/p>\t\t\t\t\t\t\t\t<\/div>\n\t\t\t\t<\/div>\n\t\t\t\t<div class=\"elementor-element elementor-element-649b185 elementor-widget elementor-widget-heading\" data-id=\"649b185\" data-element_type=\"widget\" data-e-type=\"widget\" data-widget_type=\"heading.default\">\n\t\t\t\t<div class=\"elementor-widget-container\">\n\t\t\t\t\t<h4 class=\"elementor-heading-title elementor-size-default\">Einfache Zusammenarbeit: So erreichen Sie uns<\/h4>\t\t\t\t<\/div>\n\t\t\t\t<\/div>\n\t\t\t\t<div class=\"elementor-element elementor-element-d9d3ccd elementor-widget elementor-widget-text-editor\" data-id=\"d9d3ccd\" data-element_type=\"widget\" data-e-type=\"widget\" data-widget_type=\"text-editor.default\">\n\t\t\t\t<div class=\"elementor-widget-container\">\n\t\t\t\t\t\t\t\t\t<p>Wir gestalten die Zusammenarbeit mit Ihnen so einfach und transparent wie m\u00f6glich.<\/p>\n<ul>\n<li>\n<p><b>Direkter Kontakt:<\/b> Bei Fragen <a href=\"https:\/\/wenaroll.de\/en\/kontakt\/\">rufen Sie uns einfach an<\/a> oder schreiben Sie uns eine <a href=\"https:\/\/wenaroll.de\/en\/kontakt\/\">E-Mail<\/a>. Wir sind f\u00fcr Sie da.\u00a0<\/p>\n<\/li>\n<li>\n<p><b>Kostenloser Katalog:<\/b> Entdecken Sie unser gesamtes Sortiment. Unser Produktkatalog steht Ihnen jederzeit als <a href=\"https:\/\/wenaroll.de\/en\/katalog\/\">PDF-Download<\/a> zur Verf\u00fcgung.<\/p>\n<\/li>\n<li>\n<p><b>Individuelle Fertigung:<\/b> Sie ben\u00f6tigen eine Sonderl\u00f6sung? Vertrauen Sie auf unsere langj\u00e4hrige Erfahrung. Gerne entwickeln und fertigen wir Ihr individuelles Glattwalzwerkzeug oder Ihre komplette Glattwalzmaschine.<\/p>\n<\/li>\n<\/ul>\n<p><b>Vertrauen Sie auf unsere Erfahrung \u2013 wir freuen uns auf Ihre Anfrage!<\/b><\/p>\t\t\t\t\t\t\t\t<\/div>\n\t\t\t\t<\/div>\n\t\t\t\t<div class=\"elementor-element elementor-element-e0a464d elementor-align-center elementor-widget elementor-widget-button\" data-id=\"e0a464d\" data-element_type=\"widget\" data-e-type=\"widget\" data-widget_type=\"button.default\">\n\t\t\t\t<div class=\"elementor-widget-container\">\n\t\t\t\t\t\t\t\t\t<div class=\"elementor-button-wrapper\">\n\t\t\t\t\t<a class=\"elementor-button elementor-button-link elementor-size-sm\" href=\"https:\/\/wenaroll.de\/en\/kontakt\/\">\n\t\t\t\t\t\t<span class=\"elementor-button-content-wrapper\">\n\t\t\t\t\t\t\t\t\t<span class=\"elementor-button-text\">Jetzt Anfrage starten<\/span>\n\t\t\t\t\t<\/span>\n\t\t\t\t\t<\/a>\n\t\t\t\t<\/div>\n\t\t\t\t\t\t\t\t<\/div>\n\t\t\t\t<\/div>\n\t\t\t\t\t<\/div>\n\t\t<\/div>\n\t\t\t\t<div class=\"elementor-column elementor-col-50 elementor-top-column elementor-element elementor-element-59764cce\" data-id=\"59764cce\" data-element_type=\"column\" data-e-type=\"column\">\n\t\t\t<div class=\"elementor-widget-wrap elementor-element-populated\">\n\t\t\t\t\t\t<div class=\"elementor-element elementor-element-3c6d893b elementor-widget elementor-widget-image\" data-id=\"3c6d893b\" data-element_type=\"widget\" data-e-type=\"widget\" data-widget_type=\"image.default\">\n\t\t\t\t<div class=\"elementor-widget-container\">\n\t\t\t\t\t\t\t\t\t\t\t\t\t\t\t<img fetchpriority=\"high\" decoding=\"async\" width=\"800\" height=\"800\" src=\"https:\/\/wenaroll.de\/wp-content\/uploads\/2025\/06\/Gemini_Generated_Image_n23lxcn23lxcn23l-1024x1024.png\" class=\"attachment-large size-large wp-image-2281\" alt=\"a group of people sitting at a table looking at a piece of paper\" srcset=\"https:\/\/wenaroll.de\/wp-content\/uploads\/2025\/06\/Gemini_Generated_Image_n23lxcn23lxcn23l-1024x1024.png 1024w, https:\/\/wenaroll.de\/wp-content\/uploads\/2025\/06\/Gemini_Generated_Image_n23lxcn23lxcn23l-300x300.png 300w, https:\/\/wenaroll.de\/wp-content\/uploads\/2025\/06\/Gemini_Generated_Image_n23lxcn23lxcn23l-150x150.png 150w, https:\/\/wenaroll.de\/wp-content\/uploads\/2025\/06\/Gemini_Generated_Image_n23lxcn23lxcn23l-768x768.png 768w, https:\/\/wenaroll.de\/wp-content\/uploads\/2025\/06\/Gemini_Generated_Image_n23lxcn23lxcn23l-1536x1536.png 1536w, https:\/\/wenaroll.de\/wp-content\/uploads\/2025\/06\/Gemini_Generated_Image_n23lxcn23lxcn23l-12x12.png 12w, https:\/\/wenaroll.de\/wp-content\/uploads\/2025\/06\/Gemini_Generated_Image_n23lxcn23lxcn23l.png 2048w\" sizes=\"(max-width: 800px) 100vw, 800px\" \/>\t\t\t\t\t\t\t\t\t\t\t\t\t\t\t<\/div>\n\t\t\t\t<\/div>\n\t\t\t\t\t<\/div>\n\t\t<\/div>\n\t\t\t\t\t<\/div>\n\t\t<\/section>\n\t\t\t\t<\/div>","protected":false},"excerpt":{"rendered":"<p>Service und Support &#8211; unser Kundenservice f\u00fcr Ihre Zufriedenheit Unser Prozess: Gemeinsam zur perfekten L\u00f6sung Exzellenter Service beginnt mit genauem Zuh\u00f6ren. Bevor wir eine L\u00f6sung entwickeln, steht der intensive Austausch mit Ihnen im Mittelpunkt. Unser Ziel ist es, Ihre Anforderungen bis ins kleinste Detail zu verstehen, um Ihnen schnell und pr\u00e4zise die bestm\u00f6gliche L\u00f6sung anbieten zu k\u00f6nnen. Ihr Beitrag zum Erfolg: Die richtigen Informationen Je detaillierter Ihre Angaben, desto effizienter k\u00f6nnen wir f\u00fcr Sie arbeiten. F\u00fcr eine schnelle und passgenaue Konfiguration Ihres Werkzeugs sind folgende Informationen ideal: Technische Zeichnung: Stellen Sie uns im optimalen Fall eine technische Zeichnung Ihres Werkst\u00fccks zur Verf\u00fcgung. Materialdetails: Informieren Sie uns \u00fcber das zu bearbeitende Material und dessen spezifische H\u00e4rte. Basierend auf diesen Daten und der gew\u00fcnschten Oberfl\u00e4cheng\u00fcte konfigurieren wir den perfekten Werkzeugk\u00f6rper und Werkzeugschaft f\u00fcr Ihre Anwendung. Einfache Zusammenarbeit: So erreichen Sie uns Wir gestalten die Zusammenarbeit mit Ihnen so einfach und transparent wie m\u00f6glich. Direkter Kontakt: Bei Fragen rufen Sie uns einfach an oder schreiben Sie uns eine E-Mail. Wir sind f\u00fcr Sie da.\u00a0 Kostenloser Katalog: Entdecken Sie unser gesamtes Sortiment. Unser Produktkatalog steht Ihnen jederzeit als PDF-Download zur Verf\u00fcgung. Individuelle Fertigung: Sie ben\u00f6tigen eine Sonderl\u00f6sung? Vertrauen Sie auf unsere langj\u00e4hrige Erfahrung. Gerne entwickeln und fertigen wir Ihr individuelles Glattwalzwerkzeug oder Ihre komplette Glattwalzmaschine. Vertrauen Sie auf unsere Erfahrung \u2013 wir freuen uns auf Ihre Anfrage! Jetzt Anfrage starten<\/p>","protected":false},"author":1,"featured_media":0,"parent":0,"menu_order":0,"comment_status":"closed","ping_status":"closed","template":"","meta":{"footnotes":""},"class_list":["post-435","page","type-page","status-publish","hentry"],"_links":{"self":[{"href":"https:\/\/wenaroll.de\/en\/wp-json\/wp\/v2\/pages\/435","targetHints":{"allow":["GET"]}}],"collection":[{"href":"https:\/\/wenaroll.de\/en\/wp-json\/wp\/v2\/pages"}],"about":[{"href":"https:\/\/wenaroll.de\/en\/wp-json\/wp\/v2\/types\/page"}],"author":[{"embeddable":true,"href":"https:\/\/wenaroll.de\/en\/wp-json\/wp\/v2\/users\/1"}],"replies":[{"embeddable":true,"href":"https:\/\/wenaroll.de\/en\/wp-json\/wp\/v2\/comments?post=435"}],"version-history":[{"count":13,"href":"https:\/\/wenaroll.de\/en\/wp-json\/wp\/v2\/pages\/435\/revisions"}],"predecessor-version":[{"id":2342,"href":"https:\/\/wenaroll.de\/en\/wp-json\/wp\/v2\/pages\/435\/revisions\/2342"}],"wp:attachment":[{"href":"https:\/\/wenaroll.de\/en\/wp-json\/wp\/v2\/media?parent=435"}],"curies":[{"name":"wp","href":"https:\/\/api.w.org\/{rel}","templated":true}]}}