{"id":444,"date":"2025-01-18T15:58:19","date_gmt":"2025-01-18T14:58:19","guid":{"rendered":"http:\/\/localhost:10004\/?page_id=444"},"modified":"2025-03-03T15:30:12","modified_gmt":"2025-03-03T14:30:12","slug":"news","status":"publish","type":"page","link":"https:\/\/wenaroll.de\/en\/news\/","title":{"rendered":"News"},"content":{"rendered":"<div data-elementor-type=\"wp-page\" data-elementor-id=\"444\" class=\"elementor elementor-444\" data-elementor-post-type=\"page\">\n\t\t\t\t\t\t<section class=\"elementor-section elementor-top-section elementor-element elementor-element-1aa04ef8 elementor-section-boxed elementor-section-height-default elementor-section-height-default wpr-particle-no wpr-jarallax-no wpr-parallax-no wpr-sticky-section-no wpr-equal-height-no\" data-id=\"1aa04ef8\" data-element_type=\"section\" data-e-type=\"section\">\n\t\t\t\t\t\t<div class=\"elementor-container elementor-column-gap-default\">\n\t\t\t\t\t<div class=\"elementor-column elementor-col-100 elementor-top-column elementor-element elementor-element-2483b5c4\" data-id=\"2483b5c4\" data-element_type=\"column\" data-e-type=\"column\">\n\t\t\t<div class=\"elementor-widget-wrap elementor-element-populated\">\n\t\t\t\t\t\t<div class=\"elementor-element elementor-element-2d59d08 elementor-widget-divider--view-line_text elementor-widget-divider--element-align-left elementor-hidden-mobile elementor-widget elementor-widget-divider\" data-id=\"2d59d08\" data-element_type=\"widget\" data-e-type=\"widget\" data-widget_type=\"divider.default\">\n\t\t\t\t<div class=\"elementor-widget-container\">\n\t\t\t\t\t\t\t<div class=\"elementor-divider\">\n\t\t\t<span class=\"elementor-divider-separator\">\n\t\t\t\t\t\t\t<h1 class=\"elementor-divider__text elementor-divider__element\">\n\t\t\t\tNews\t\t\t\t<\/h1>\n\t\t\t\t\t\t<\/span>\n\t\t<\/div>\n\t\t\t\t\t\t<\/div>\n\t\t\t\t<\/div>\n\t\t\t\t\t<\/div>\n\t\t<\/div>\n\t\t\t\t\t<\/div>\n\t\t<\/section>\n\t\t\t\t<section class=\"elementor-section elementor-top-section elementor-element elementor-element-7dd214e5 elementor-section-boxed elementor-section-height-default elementor-section-height-default wpr-particle-no wpr-jarallax-no wpr-parallax-no wpr-sticky-section-no wpr-equal-height-no\" data-id=\"7dd214e5\" data-element_type=\"section\" data-e-type=\"section\">\n\t\t\t\t\t\t<div class=\"elementor-container elementor-column-gap-default\">\n\t\t\t\t\t<div class=\"elementor-column elementor-col-100 elementor-top-column elementor-element elementor-element-5f9aa24\" data-id=\"5f9aa24\" data-element_type=\"column\" data-e-type=\"column\">\n\t\t\t<div class=\"elementor-widget-wrap elementor-element-populated\">\n\t\t\t\t\t\t<div class=\"elementor-element elementor-element-4e946c83 elementor-widget-divider--view-line_text elementor-widget-divider--element-align-left elementor-hidden-mobile elementor-widget elementor-widget-divider\" data-id=\"4e946c83\" data-element_type=\"widget\" data-e-type=\"widget\" data-widget_type=\"divider.default\">\n\t\t\t\t<div class=\"elementor-widget-container\">\n\t\t\t\t\t\t\t<div class=\"elementor-divider\">\n\t\t\t<span class=\"elementor-divider-separator\">\n\t\t\t\t\t\t\t<span class=\"elementor-divider__text elementor-divider__element\">\n\t\t\t\tResearch &amp; Development\t\t\t\t<\/span>\n\t\t\t\t\t\t<\/span>\n\t\t<\/div>\n\t\t\t\t\t\t<\/div>\n\t\t\t\t<\/div>\n\t\t\t\t\t<\/div>\n\t\t<\/div>\n\t\t\t\t\t<\/div>\n\t\t<\/section>\n\t\t\t\t<section class=\"elementor-section elementor-top-section elementor-element elementor-element-1fa9690c elementor-section-boxed elementor-section-height-default elementor-section-height-default wpr-particle-no wpr-jarallax-no wpr-parallax-no wpr-sticky-section-no wpr-equal-height-no\" data-id=\"1fa9690c\" data-element_type=\"section\" data-e-type=\"section\">\n\t\t\t\t\t\t<div class=\"elementor-container elementor-column-gap-default\">\n\t\t\t\t\t<div class=\"elementor-column elementor-col-50 elementor-top-column elementor-element elementor-element-6390034\" data-id=\"6390034\" data-element_type=\"column\" data-e-type=\"column\">\n\t\t\t<div class=\"elementor-widget-wrap elementor-element-populated\">\n\t\t\t\t\t\t<div class=\"elementor-element elementor-element-4cbb3cdd elementor-widget elementor-widget-text-editor\" data-id=\"4cbb3cdd\" data-element_type=\"widget\" data-e-type=\"widget\" data-widget_type=\"text-editor.default\">\n\t\t\t\t<div class=\"elementor-widget-container\">\n\t\t\t\t\t\t\t\t\t<p><strong style=\"color: var( --e-global-color-secondary ); font-family: var( --e-global-typography-text-font-family ), Sans-serif; font-size: var( --e-global-typography-text-font-size );\">Development of an adaptive fine machining process for the resource-efficient production of function-optimized inner pipe surfaces in precision steel tubes (HeR0 2)<\/strong><\/p><p><b>Project Duration: June 2022 to February 2025<\/b><\/p><p>As developers of cutting-edge tools for finishing metallic surfaces, we see our responsibility in continuously developing our tools further and exploiting optimization potential. Within the scope of this project, we conducted research together with the Fraunhofer Institute for Machine Tools and Forming Technology IWU in Chemnitz on the new development of a fine machining system for the internal machining of long workpieces.<\/p>\t\t\t\t\t\t\t\t<\/div>\n\t\t\t\t<\/div>\n\t\t\t\t\t<\/div>\n\t\t<\/div>\n\t\t\t\t<div class=\"elementor-column elementor-col-50 elementor-top-column elementor-element elementor-element-775639e6\" data-id=\"775639e6\" data-element_type=\"column\" data-e-type=\"column\">\n\t\t\t<div class=\"elementor-widget-wrap elementor-element-populated\">\n\t\t\t\t\t\t<div class=\"elementor-element elementor-element-615541a8 elementor-absolute elementor-widget elementor-widget-image\" data-id=\"615541a8\" data-element_type=\"widget\" data-e-type=\"widget\" data-settings=\"{&quot;_position&quot;:&quot;absolute&quot;}\" data-widget_type=\"image.default\">\n\t\t\t\t<div class=\"elementor-widget-container\">\n\t\t\t\t\t\t\t\t\t\t\t\t\t\t\t<img fetchpriority=\"high\" decoding=\"async\" width=\"616\" height=\"460\" src=\"https:\/\/wenaroll.de\/wp-content\/uploads\/2025\/01\/BMWE.png\" class=\"attachment-large size-large wp-image-75\" alt=\"\" srcset=\"https:\/\/wenaroll.de\/wp-content\/uploads\/2025\/01\/BMWE.png 616w, https:\/\/wenaroll.de\/wp-content\/uploads\/2025\/01\/BMWE-300x224.png 300w\" sizes=\"(max-width: 616px) 100vw, 616px\" \/>\t\t\t\t\t\t\t\t\t\t\t\t\t\t\t<\/div>\n\t\t\t\t<\/div>\n\t\t\t\t\t<\/div>\n\t\t<\/div>\n\t\t\t\t\t<\/div>\n\t\t<\/section>\n\t\t\t\t<section class=\"elementor-section elementor-top-section elementor-element elementor-element-59949b79 elementor-section-boxed elementor-section-height-default elementor-section-height-default wpr-particle-no wpr-jarallax-no wpr-parallax-no wpr-sticky-section-no wpr-equal-height-no\" data-id=\"59949b79\" data-element_type=\"section\" data-e-type=\"section\">\n\t\t\t\t\t\t<div class=\"elementor-container elementor-column-gap-default\">\n\t\t\t\t\t<div class=\"elementor-column elementor-col-100 elementor-top-column elementor-element elementor-element-4438974c\" data-id=\"4438974c\" data-element_type=\"column\" data-e-type=\"column\">\n\t\t\t<div class=\"elementor-widget-wrap elementor-element-populated\">\n\t\t\t\t\t\t<div class=\"elementor-element elementor-element-2c0ca96a elementor-widget-divider--view-line_text elementor-widget-divider--element-align-left elementor-widget elementor-widget-divider\" data-id=\"2c0ca96a\" data-element_type=\"widget\" data-e-type=\"widget\" data-widget_type=\"divider.default\">\n\t\t\t\t<div class=\"elementor-widget-container\">\n\t\t\t\t\t\t\t<div class=\"elementor-divider\">\n\t\t\t<span class=\"elementor-divider-separator\">\n\t\t\t\t\t\t<\/span>\n\t\t<\/div>\n\t\t\t\t\t\t<\/div>\n\t\t\t\t<\/div>\n\t\t\t\t\t<\/div>\n\t\t<\/div>\n\t\t\t\t\t<\/div>\n\t\t<\/section>\n\t\t\t\t<section class=\"elementor-section elementor-top-section elementor-element elementor-element-5db1e3a1 elementor-section-boxed elementor-section-height-default elementor-section-height-default wpr-particle-no wpr-jarallax-no wpr-parallax-no wpr-sticky-section-no wpr-equal-height-no\" data-id=\"5db1e3a1\" data-element_type=\"section\" data-e-type=\"section\">\n\t\t\t\t\t\t<div class=\"elementor-container elementor-column-gap-default\">\n\t\t\t\t\t<div class=\"elementor-column elementor-col-50 elementor-top-column elementor-element elementor-element-1eaa9fa5\" data-id=\"1eaa9fa5\" data-element_type=\"column\" data-e-type=\"column\">\n\t\t\t<div class=\"elementor-widget-wrap elementor-element-populated\">\n\t\t\t\t\t\t<div class=\"elementor-element elementor-element-57f9b7c4 elementor-widget elementor-widget-text-editor\" data-id=\"57f9b7c4\" data-element_type=\"widget\" data-e-type=\"widget\" data-widget_type=\"text-editor.default\">\n\t\t\t\t<div class=\"elementor-widget-container\">\n\t\t\t\t\t\t\t\t\t<p><strong>Increasing Energy Efficiency in Production through Multivalent Data Use (EmulDan)<\/strong><\/p>\n<p><b>Project Duration: December 2020 to May 2024<\/b><\/p>\n<p>As developers of cutting-edge tools for finishing metallic surfaces, we see our responsibility in constantly developing our tools and taking full advantage of optimization potentials. At the end of 2020, our research work, in which the Fraunhofer Institute for Machine Tools and Forming Technology IWU in Chemnitz and seven companies as well as a research institution are involved, has begun. Within the scope of this project, the increase of energy efficiency in production is aimed at.<\/p>\t\t\t\t\t\t\t\t<\/div>\n\t\t\t\t<\/div>\n\t\t\t\t\t<\/div>\n\t\t<\/div>\n\t\t\t\t<div class=\"elementor-column elementor-col-50 elementor-top-column elementor-element elementor-element-36b4a1e9\" data-id=\"36b4a1e9\" data-element_type=\"column\" data-e-type=\"column\">\n\t\t\t<div class=\"elementor-widget-wrap elementor-element-populated\">\n\t\t\t\t\t\t<div class=\"elementor-element elementor-element-cfd977e elementor-absolute elementor-widget elementor-widget-image\" data-id=\"cfd977e\" data-element_type=\"widget\" data-e-type=\"widget\" data-settings=\"{&quot;_position&quot;:&quot;absolute&quot;}\" data-widget_type=\"image.default\">\n\t\t\t\t<div class=\"elementor-widget-container\">\n\t\t\t\t\t\t\t\t\t\t\t\t\t\t\t<img fetchpriority=\"high\" decoding=\"async\" width=\"616\" height=\"460\" src=\"https:\/\/wenaroll.de\/wp-content\/uploads\/2025\/01\/BMWE.png\" class=\"attachment-large size-large wp-image-75\" alt=\"\" srcset=\"https:\/\/wenaroll.de\/wp-content\/uploads\/2025\/01\/BMWE.png 616w, https:\/\/wenaroll.de\/wp-content\/uploads\/2025\/01\/BMWE-300x224.png 300w\" sizes=\"(max-width: 616px) 100vw, 616px\" \/>\t\t\t\t\t\t\t\t\t\t\t\t\t\t\t<\/div>\n\t\t\t\t<\/div>\n\t\t\t\t\t<\/div>\n\t\t<\/div>\n\t\t\t\t\t<\/div>\n\t\t<\/section>\n\t\t\t\t<section class=\"elementor-section elementor-top-section elementor-element elementor-element-3ca30b3e elementor-section-boxed elementor-section-height-default elementor-section-height-default wpr-particle-no wpr-jarallax-no wpr-parallax-no wpr-sticky-section-no wpr-equal-height-no\" data-id=\"3ca30b3e\" data-element_type=\"section\" data-e-type=\"section\">\n\t\t\t\t\t\t<div class=\"elementor-container elementor-column-gap-default\">\n\t\t\t\t\t<div class=\"elementor-column elementor-col-100 elementor-top-column elementor-element elementor-element-fe0ca69\" data-id=\"fe0ca69\" data-element_type=\"column\" data-e-type=\"column\">\n\t\t\t<div class=\"elementor-widget-wrap elementor-element-populated\">\n\t\t\t\t\t\t<div class=\"elementor-element elementor-element-66d85c5e elementor-widget-divider--view-line_text elementor-widget-divider--element-align-left elementor-widget elementor-widget-divider\" data-id=\"66d85c5e\" data-element_type=\"widget\" data-e-type=\"widget\" data-widget_type=\"divider.default\">\n\t\t\t\t<div class=\"elementor-widget-container\">\n\t\t\t\t\t\t\t<div class=\"elementor-divider\">\n\t\t\t<span class=\"elementor-divider-separator\">\n\t\t\t\t\t\t<\/span>\n\t\t<\/div>\n\t\t\t\t\t\t<\/div>\n\t\t\t\t<\/div>\n\t\t\t\t\t<\/div>\n\t\t<\/div>\n\t\t\t\t\t<\/div>\n\t\t<\/section>\n\t\t\t\t<section class=\"elementor-section elementor-top-section elementor-element elementor-element-270fd1d4 elementor-section-boxed elementor-section-height-default elementor-section-height-default wpr-particle-no wpr-jarallax-no wpr-parallax-no wpr-sticky-section-no wpr-equal-height-no\" data-id=\"270fd1d4\" data-element_type=\"section\" data-e-type=\"section\">\n\t\t\t\t\t\t<div class=\"elementor-container elementor-column-gap-default\">\n\t\t\t\t\t<div class=\"elementor-column elementor-col-50 elementor-top-column elementor-element elementor-element-54e6ae61\" data-id=\"54e6ae61\" data-element_type=\"column\" data-e-type=\"column\">\n\t\t\t<div class=\"elementor-widget-wrap elementor-element-populated\">\n\t\t\t\t\t\t<div class=\"elementor-element elementor-element-4e14294 elementor-widget elementor-widget-text-editor\" data-id=\"4e14294\" data-element_type=\"widget\" data-e-type=\"widget\" data-widget_type=\"text-editor.default\">\n\t\t\t\t<div class=\"elementor-widget-container\">\n\t\t\t\t\t\t\t\t\t<p><strong>Receptive Burnishing Tools with Integrated Sensor Technology and 5G Communication (RISEN_5G)<\/strong><\/p><p><b>Project Duration: January 2021 to December 2022<\/b><\/p><p>At the beginning of 2021, our research work, in which the Fraunhofer Institute for Production Technology IPT in Aachen and R&amp;D Steuerungstechnik GmbH &amp; Co. KG are involved, began. RISEN_5G combines new and existing technologies to make relevant sensor technology available close to the point of action and to link the sub-process steps of burnishing and measurement technology. This should increase both product quality and process transparency.<\/p><p>Within the scope of the project, the following article was published in the MDPI (Multidisciplinary Digital Publishing Institute):<\/p><p class=\"title hypothesis_container\"><strong><em>&#8222;Investigations on the Potential of 5G for the Detection of Wear in Industrial Roller-Burnishing Processes&#8220;\u00a0<\/em><\/strong><em>(<\/em><a href=\"https:\/\/www.mdpi.com\/2079-9292\/11\/11\/1678\" target=\"_blank\" rel=\"noopener\">https:\/\/www.mdpi.com\/2079-9292\/11\/11\/1678<\/a><em>)<\/em><\/p>\t\t\t\t\t\t\t\t<\/div>\n\t\t\t\t<\/div>\n\t\t\t\t\t<\/div>\n\t\t<\/div>\n\t\t\t\t<div class=\"elementor-column elementor-col-50 elementor-top-column elementor-element elementor-element-44565b83\" data-id=\"44565b83\" data-element_type=\"column\" data-e-type=\"column\">\n\t\t\t<div class=\"elementor-widget-wrap elementor-element-populated\">\n\t\t\t\t\t\t<div class=\"elementor-element elementor-element-70eeb72 elementor-absolute elementor-widget elementor-widget-image\" data-id=\"70eeb72\" data-element_type=\"widget\" data-e-type=\"widget\" data-settings=\"{&quot;_position&quot;:&quot;absolute&quot;}\" data-widget_type=\"image.default\">\n\t\t\t\t<div class=\"elementor-widget-container\">\n\t\t\t\t\t\t\t\t\t\t\t\t\t\t\t<img decoding=\"async\" width=\"800\" height=\"148\" src=\"https:\/\/wenaroll.de\/wp-content\/uploads\/2025\/01\/MWIDE-Logo_A4-1024x189.jpg\" class=\"attachment-large size-large wp-image-76\" alt=\"\" srcset=\"https:\/\/wenaroll.de\/wp-content\/uploads\/2025\/01\/MWIDE-Logo_A4-1024x189.jpg 1024w, https:\/\/wenaroll.de\/wp-content\/uploads\/2025\/01\/MWIDE-Logo_A4-300x55.jpg 300w, https:\/\/wenaroll.de\/wp-content\/uploads\/2025\/01\/MWIDE-Logo_A4-768x142.jpg 768w, https:\/\/wenaroll.de\/wp-content\/uploads\/2025\/01\/MWIDE-Logo_A4.jpg 1087w\" sizes=\"(max-width: 800px) 100vw, 800px\" \/>\t\t\t\t\t\t\t\t\t\t\t\t\t\t\t<\/div>\n\t\t\t\t<\/div>\n\t\t\t\t\t<\/div>\n\t\t<\/div>\n\t\t\t\t\t<\/div>\n\t\t<\/section>\n\t\t\t\t<section class=\"elementor-section elementor-top-section elementor-element elementor-element-413fe0fc elementor-section-boxed elementor-section-height-default elementor-section-height-default wpr-particle-no wpr-jarallax-no wpr-parallax-no wpr-sticky-section-no wpr-equal-height-no\" data-id=\"413fe0fc\" data-element_type=\"section\" data-e-type=\"section\">\n\t\t\t\t\t\t<div class=\"elementor-container elementor-column-gap-default\">\n\t\t\t\t\t<div class=\"elementor-column elementor-col-100 elementor-top-column elementor-element elementor-element-67006987\" data-id=\"67006987\" data-element_type=\"column\" data-e-type=\"column\">\n\t\t\t<div class=\"elementor-widget-wrap elementor-element-populated\">\n\t\t\t\t\t\t<div class=\"elementor-element elementor-element-763963f0 elementor-widget-divider--view-line_text elementor-widget-divider--element-align-left elementor-widget elementor-widget-divider\" data-id=\"763963f0\" data-element_type=\"widget\" data-e-type=\"widget\" data-widget_type=\"divider.default\">\n\t\t\t\t<div class=\"elementor-widget-container\">\n\t\t\t\t\t\t\t<div class=\"elementor-divider\">\n\t\t\t<span class=\"elementor-divider-separator\">\n\t\t\t\t\t\t<\/span>\n\t\t<\/div>\n\t\t\t\t\t\t<\/div>\n\t\t\t\t<\/div>\n\t\t\t\t\t<\/div>\n\t\t<\/div>\n\t\t\t\t\t<\/div>\n\t\t<\/section>\n\t\t\t\t<section class=\"elementor-section elementor-top-section elementor-element elementor-element-3eff0a4 elementor-section-boxed elementor-section-height-default elementor-section-height-default wpr-particle-no wpr-jarallax-no wpr-parallax-no wpr-sticky-section-no wpr-equal-height-no\" data-id=\"3eff0a4\" data-element_type=\"section\" data-e-type=\"section\">\n\t\t\t\t\t\t<div class=\"elementor-container elementor-column-gap-default\">\n\t\t\t\t\t<div class=\"elementor-column elementor-col-50 elementor-top-column elementor-element elementor-element-786ebe14\" data-id=\"786ebe14\" data-element_type=\"column\" data-e-type=\"column\">\n\t\t\t<div class=\"elementor-widget-wrap elementor-element-populated\">\n\t\t\t\t\t\t<div class=\"elementor-element elementor-element-59f8cc6 elementor-widget elementor-widget-text-editor\" data-id=\"59f8cc6\" data-element_type=\"widget\" data-e-type=\"widget\" data-widget_type=\"text-editor.default\">\n\t\t\t\t<div class=\"elementor-widget-container\">\n\t\t\t\t\t\t\t\t\t<p><strong>Development of a novel fine machining system for the internal machining of long workpieces (HeRo)<\/strong><\/p><p>As developers of cutting-edge tools for finishing metallic surfaces, we see our responsibility in continuously developing our tools further and exploiting optimization potential. Within the scope of this project, we conducted research together with the Fraunhofer Institute for Machine Tools and Forming Technology IWU in Chemnitz on the new development of a fine machining system for the internal machining of long workpieces.<\/p>\t\t\t\t\t\t\t\t<\/div>\n\t\t\t\t<\/div>\n\t\t\t\t\t<\/div>\n\t\t<\/div>\n\t\t\t\t<div class=\"elementor-column elementor-col-50 elementor-top-column elementor-element elementor-element-ef4463\" data-id=\"ef4463\" data-element_type=\"column\" data-e-type=\"column\">\n\t\t\t<div class=\"elementor-widget-wrap elementor-element-populated\">\n\t\t\t\t\t\t<div class=\"elementor-element elementor-element-217c83ea elementor-absolute elementor-widget elementor-widget-image\" data-id=\"217c83ea\" data-element_type=\"widget\" data-e-type=\"widget\" data-settings=\"{&quot;_position&quot;:&quot;absolute&quot;}\" data-widget_type=\"image.default\">\n\t\t\t\t<div class=\"elementor-widget-container\">\n\t\t\t\t\t\t\t\t\t\t\t\t\t\t\t<img decoding=\"async\" width=\"300\" height=\"150\" src=\"https:\/\/wenaroll.de\/wp-content\/uploads\/2025\/01\/Frauenhofer-IWU_300.png\" class=\"attachment-large size-large wp-image-77\" alt=\"\" \/>\t\t\t\t\t\t\t\t\t\t\t\t\t\t\t<\/div>\n\t\t\t\t<\/div>\n\t\t\t\t\t<\/div>\n\t\t<\/div>\n\t\t\t\t\t<\/div>\n\t\t<\/section>\n\t\t\t\t<section class=\"elementor-section elementor-top-section elementor-element elementor-element-53d2ec4a elementor-section-boxed elementor-section-height-default elementor-section-height-default wpr-particle-no wpr-jarallax-no wpr-parallax-no wpr-sticky-section-no wpr-equal-height-no\" data-id=\"53d2ec4a\" data-element_type=\"section\" data-e-type=\"section\">\n\t\t\t\t\t\t<div class=\"elementor-container elementor-column-gap-default\">\n\t\t\t\t\t<div class=\"elementor-column elementor-col-100 elementor-top-column elementor-element elementor-element-2911790d\" data-id=\"2911790d\" data-element_type=\"column\" data-e-type=\"column\">\n\t\t\t<div class=\"elementor-widget-wrap elementor-element-populated\">\n\t\t\t\t\t\t<div class=\"elementor-element elementor-element-18d002b elementor-widget-divider--view-line_text elementor-widget-divider--element-align-left elementor-widget elementor-widget-divider\" data-id=\"18d002b\" data-element_type=\"widget\" data-e-type=\"widget\" data-widget_type=\"divider.default\">\n\t\t\t\t<div class=\"elementor-widget-container\">\n\t\t\t\t\t\t\t<div class=\"elementor-divider\">\n\t\t\t<span class=\"elementor-divider-separator\">\n\t\t\t\t\t\t<\/span>\n\t\t<\/div>\n\t\t\t\t\t\t<\/div>\n\t\t\t\t<\/div>\n\t\t\t\t\t<\/div>\n\t\t<\/div>\n\t\t\t\t\t<\/div>\n\t\t<\/section>\n\t\t\t\t<section class=\"elementor-section elementor-top-section elementor-element elementor-element-2aace61a elementor-section-boxed elementor-section-height-default elementor-section-height-default wpr-particle-no wpr-jarallax-no wpr-parallax-no wpr-sticky-section-no wpr-equal-height-no\" data-id=\"2aace61a\" data-element_type=\"section\" data-e-type=\"section\">\n\t\t\t\t\t\t<div class=\"elementor-container elementor-column-gap-default\">\n\t\t\t\t\t<div class=\"elementor-column elementor-col-100 elementor-top-column elementor-element elementor-element-6ec10802\" data-id=\"6ec10802\" data-element_type=\"column\" data-e-type=\"column\">\n\t\t\t<div class=\"elementor-widget-wrap elementor-element-populated\">\n\t\t\t\t\t\t<div class=\"elementor-element elementor-element-3b2e85b elementor-widget elementor-widget-text-editor\" data-id=\"3b2e85b\" data-element_type=\"widget\" data-e-type=\"widget\" data-widget_type=\"text-editor.default\">\n\t\t\t\t<div class=\"elementor-widget-container\">\n\t\t\t\t\t\t\t\t\t<p><span style=\"color: #636363;\"><b>Our ambition is to deliver to our customers the innovations for the production of tomorrow...<\/b><\/span><\/p>\t\t\t\t\t\t\t\t<\/div>\n\t\t\t\t<\/div>\n\t\t\t\t\t<\/div>\n\t\t<\/div>\n\t\t\t\t\t<\/div>\n\t\t<\/section>\n\t\t\t\t<\/div>","protected":false},"excerpt":{"rendered":"<p>News und aktuelle Neuigkeiten Forschung &#038; Entwicklung Entwicklung eines adaptiven Feinbearbeitungsverfahrens zur ressourceneffizienten Herstellung funktionsoptimierter Rohrinnenfl\u00e4chen in Pr\u00e4zisionsstahlrohren (HeR0 2) Projektlaufzeit: Juni 2022 bis Februar 2025 Als Entwickler von hochmodernen Werkzeugen f\u00fcr die Veredelung von metallischen Oberfl\u00e4chen sehen wir unsere Verantwortung darin, unsere Werkzeuge stetig weiterzuentwickeln und Optimierungspotentiale auszusch\u00f6pfen. Im Rahmen dieses Projektes forschten wir zusammen mit dem Fraunhofer-Institut f\u00fcr Werkzeugmaschinen und Umformtechnik IWU in Chemnitz an einer Neuentwicklung eines Feinbearbeitungssystems f\u00fcr die Innenbearbeitung von langen Werkst\u00fccken. Erh\u00f6hung der Energieeffizienz in der Produktion durch multivalente Datennutzung (EmulDan) Projektlaufzeit: Dezember 2020 bis Mai 2024 Als Entwickler von hochmodernen Werkzeugen f\u00fcr die Veredelung von metallischen Oberfl\u00e4chen sehen wir unsere Verantwortung darin, unsere Werkzeuge stetig weiterzuentwickeln und Optimierungspotentiale auszusch\u00f6pfen. Mit dem Ende des Jahres 2020 hat unsere Forschungsarbeit, an der das Fraunhofer-Institut f\u00fcr Werkzeugmaschinen und Umformtechnik IWU in Chemnitz und sieben Unternehmen sowie eine Forschungseinrichtung beteiligt sind, begonnen. Im Rahmen dieses Projekts wird die Erh\u00f6hung der Energieeffizienz in der Produktion angestrebt. Rezeptive Glattwalzwerkzeuge mit integrierter SENsorik und 5G Kommunikation (RISEN_5G) Projektlaufzeit: Januar 2021 bis Dezember 2022 Am Anfang des Jahres 2021 hat unsere Forschungsarbeit, an der das Fraunhofer-Institut f\u00fcr Produktionstechnologie IPT in Aachen und die R&amp;D Steuerungstechnik GmbH &amp; Co. KG beteiligt sind, begonnen. RISEN_5G verbindet neue und bestehende Technologien, um relevante Sensorik wirkstellennah zur Verf\u00fcgung zu stellen und die Teilprozessschritte des Glattwalzens sowie der Messtechnik zu verbinden. Dadurch sollen sowohl die Produktqualit\u00e4t als auch die Prozesstransparenz erh\u00f6ht werden. Im Rahmen des Projekts wurde im MDPI (Multidisciplinary\u00a0Digital\u00a0Publishing Institute) der folgende Artikel ver\u00f6ffentlicht: &#8222;Investigations on the Potential of 5G for the Detection of Wear in Industrial Roller-Burnishing Processes&#8220;\u00a0(https:\/\/www.mdpi.com\/2079-9292\/11\/11\/1678) Entwicklung eines neuartigen Feinbearbeitungssystems f\u00fcr die Innenbearbeitung von langen Werkst\u00fccken (HeRo) Als Entwickler von hochmodernen Werkzeugen f\u00fcr die Veredelung von metallischen Oberfl\u00e4chen sehen wir unsere Verantwortung darin, unsere Werkzeuge stetig weiterzuentwickeln und Optimierungspotentiale auszusch\u00f6pfen. Im Rahmen dieses Projektes forschten wir zusammen mit dem Fraunhofer-Institut f\u00fcr Werkzeugmaschinen und Umformtechnik IWU in Chemnitz an einer Neuentwicklung eines Feinbearbeitungssystems f\u00fcr die Innenbearbeitung von langen Werkst\u00fccken. Unser Anspruch ist es, unseren Kunden die Innovationen f\u00fcr die Produktion von Morgen zu liefern&#8230;<\/p>","protected":false},"author":1,"featured_media":0,"parent":0,"menu_order":0,"comment_status":"closed","ping_status":"closed","template":"","meta":{"footnotes":""},"class_list":["post-444","page","type-page","status-publish","hentry"],"_links":{"self":[{"href":"https:\/\/wenaroll.de\/en\/wp-json\/wp\/v2\/pages\/444","targetHints":{"allow":["GET"]}}],"collection":[{"href":"https:\/\/wenaroll.de\/en\/wp-json\/wp\/v2\/pages"}],"about":[{"href":"https:\/\/wenaroll.de\/en\/wp-json\/wp\/v2\/types\/page"}],"author":[{"embeddable":true,"href":"https:\/\/wenaroll.de\/en\/wp-json\/wp\/v2\/users\/1"}],"replies":[{"embeddable":true,"href":"https:\/\/wenaroll.de\/en\/wp-json\/wp\/v2\/comments?post=444"}],"version-history":[{"count":0,"href":"https:\/\/wenaroll.de\/en\/wp-json\/wp\/v2\/pages\/444\/revisions"}],"wp:attachment":[{"href":"https:\/\/wenaroll.de\/en\/wp-json\/wp\/v2\/media?parent=444"}],"curies":[{"name":"wp","href":"https:\/\/api.w.org\/{rel}","templated":true}]}}